{"id":10119,"date":"2020-12-13T11:51:50","date_gmt":"2020-12-13T11:51:50","guid":{"rendered":"https:\/\/www.monetupasaulis.lt\/informacija\/"},"modified":"2024-01-30T12:59:02","modified_gmt":"2024-01-30T10:59:02","slug":"information","status":"publish","type":"page","link":"https:\/\/www.monetupasaulis.lt\/en\/information\/","title":{"rendered":"Information"},"content":{"rendered":"<p>Lietuvos Respublikos pinig\u0173 plovimo ir terorist\u0173 finansavimo prevencijos<a href=\"https:\/\/www.e-tar.lt\/portal\/lt\/legalAct\/TAR.C44837068B55\/MhWkaVxopa\"> \u012eSTATYMAS<\/a><\/p>\n<p>Investicinio aukso s\u0105voka pagal Lietuvos Respublikos PVM \u012fstatym\u0105 <a href=\"https:\/\/www.e-tar.lt\/portal\/legalAct.html?documentId=TAR.ED68997709F5\">\u012eSTATYMAS\u00a0<\/a><\/p>\n<p>Ma\u017emenin\u0117s prekybos taisykl\u0117s (Preki\u0173 gr\u0105\u017einimas) <a href=\"https:\/\/www.e-tar.lt\/portal\/legalAct.html?documentId=712337a0164711e4afafe56485a7e49a\">\u012eSTATYMAS<\/a><\/p>\n","protected":false},"excerpt":{"rendered":"<p>Lietuvos Respublikos pinig\u0173 plovimo ir terorist\u0173 finansavimo prevencijos \u012eSTATYMAS Investicinio aukso s\u0105voka pagal Lietuvos Respublikos PVM \u012fstatym\u0105 \u012eSTATYMAS\u00a0 Ma\u017emenin\u0117s prekybos taisykl\u0117s (Preki\u0173 gr\u0105\u017einimas) \u012eSTATYMAS<\/p>\n","protected":false},"author":1,"featured_media":0,"parent":0,"menu_order":25,"comment_status":"closed","ping_status":"closed","template":"","meta":{"_acf_changed":false,"footnotes":""},"class_list":["post-10119","page","type-page","status-publish","hentry"],"acf":[],"yoast_head":"<!-- This site is optimized with the Yoast SEO plugin v27.5 - https:\/\/yoast.com\/product\/yoast-seo-wordpress\/ -->\n<title>Information - monetupasaulis.lt<\/title>\n<meta name=\"robots\" content=\"index, follow, max-snippet:-1, max-image-preview:large, max-video-preview:-1\" \/>\n<link rel=\"canonical\" href=\"https:\/\/www.monetupasaulis.lt\/en\/information\/\" \/>\n<meta property=\"og:locale\" content=\"en_US\" \/>\n<meta property=\"og:type\" content=\"article\" \/>\n<meta property=\"og:title\" content=\"Information - monetupasaulis.lt\" \/>\n<meta property=\"og:description\" content=\"Lietuvos Respublikos pinig\u0173 plovimo ir terorist\u0173 finansavimo prevencijos \u012eSTATYMAS Investicinio aukso s\u0105voka pagal Lietuvos Respublikos PVM \u012fstatym\u0105 \u012eSTATYMAS\u00a0 Ma\u017emenin\u0117s prekybos taisykl\u0117s (Preki\u0173 gr\u0105\u017einimas) \u012eSTATYMAS\" \/>\n<meta property=\"og:url\" content=\"https:\/\/www.monetupasaulis.lt\/en\/information\/\" \/>\n<meta property=\"og:site_name\" content=\"monetupasaulis.lt\" \/>\n<meta property=\"article:modified_time\" content=\"2024-01-30T10:59:02+00:00\" \/>\n<meta name=\"twitter:card\" content=\"summary_large_image\" \/>\n<meta name=\"twitter:label1\" content=\"Est. reading time\" \/>\n\t<meta name=\"twitter:data1\" content=\"1 minute\" \/>\n<script type=\"application\/ld+json\" class=\"yoast-schema-graph\">{\"@context\":\"https:\\\/\\\/schema.org\",\"@graph\":[{\"@type\":\"WebPage\",\"@id\":\"https:\\\/\\\/www.monetupasaulis.lt\\\/en\\\/information\\\/\",\"url\":\"https:\\\/\\\/www.monetupasaulis.lt\\\/en\\\/information\\\/\",\"name\":\"Information - monetupasaulis.lt\",\"isPartOf\":{\"@id\":\"https:\\\/\\\/www.monetupasaulis.lt\\\/en\\\/#website\"},\"datePublished\":\"2020-12-13T11:51:50+00:00\",\"dateModified\":\"2024-01-30T10:59:02+00:00\",\"breadcrumb\":{\"@id\":\"https:\\\/\\\/www.monetupasaulis.lt\\\/en\\\/information\\\/#breadcrumb\"},\"inLanguage\":\"en-US\",\"potentialAction\":[{\"@type\":\"ReadAction\",\"target\":[\"https:\\\/\\\/www.monetupasaulis.lt\\\/en\\\/information\\\/\"]}]},{\"@type\":\"BreadcrumbList\",\"@id\":\"https:\\\/\\\/www.monetupasaulis.lt\\\/en\\\/information\\\/#breadcrumb\",\"itemListElement\":[{\"@type\":\"ListItem\",\"position\":1,\"name\":\"GSP Investment\",\"item\":\"https:\\\/\\\/www.monetupasaulis.lt\\\/en\\\/\"},{\"@type\":\"ListItem\",\"position\":2,\"name\":\"Information\"}]},{\"@type\":\"WebSite\",\"@id\":\"https:\\\/\\\/www.monetupasaulis.lt\\\/en\\\/#website\",\"url\":\"https:\\\/\\\/www.monetupasaulis.lt\\\/en\\\/\",\"name\":\"monetupasaulis.lt\",\"description\":\"Monetu pasaulis\",\"potentialAction\":[{\"@type\":\"SearchAction\",\"target\":{\"@type\":\"EntryPoint\",\"urlTemplate\":\"https:\\\/\\\/www.monetupasaulis.lt\\\/en\\\/?s={search_term_string}\"},\"query-input\":{\"@type\":\"PropertyValueSpecification\",\"valueRequired\":true,\"valueName\":\"search_term_string\"}}],\"inLanguage\":\"en-US\"}]}<\/script>\n<!-- \/ Yoast SEO plugin. -->","yoast_head_json":{"title":"Information - monetupasaulis.lt","robots":{"index":"index","follow":"follow","max-snippet":"max-snippet:-1","max-image-preview":"max-image-preview:large","max-video-preview":"max-video-preview:-1"},"canonical":"https:\/\/www.monetupasaulis.lt\/en\/information\/","og_locale":"en_US","og_type":"article","og_title":"Information - monetupasaulis.lt","og_description":"Lietuvos Respublikos pinig\u0173 plovimo ir terorist\u0173 finansavimo prevencijos \u012eSTATYMAS Investicinio aukso s\u0105voka pagal Lietuvos Respublikos PVM \u012fstatym\u0105 \u012eSTATYMAS\u00a0 Ma\u017emenin\u0117s prekybos taisykl\u0117s (Preki\u0173 gr\u0105\u017einimas) \u012eSTATYMAS","og_url":"https:\/\/www.monetupasaulis.lt\/en\/information\/","og_site_name":"monetupasaulis.lt","article_modified_time":"2024-01-30T10:59:02+00:00","twitter_card":"summary_large_image","twitter_misc":{"Est. reading time":"1 minute"},"schema":{"@context":"https:\/\/schema.org","@graph":[{"@type":"WebPage","@id":"https:\/\/www.monetupasaulis.lt\/en\/information\/","url":"https:\/\/www.monetupasaulis.lt\/en\/information\/","name":"Information - monetupasaulis.lt","isPartOf":{"@id":"https:\/\/www.monetupasaulis.lt\/en\/#website"},"datePublished":"2020-12-13T11:51:50+00:00","dateModified":"2024-01-30T10:59:02+00:00","breadcrumb":{"@id":"https:\/\/www.monetupasaulis.lt\/en\/information\/#breadcrumb"},"inLanguage":"en-US","potentialAction":[{"@type":"ReadAction","target":["https:\/\/www.monetupasaulis.lt\/en\/information\/"]}]},{"@type":"BreadcrumbList","@id":"https:\/\/www.monetupasaulis.lt\/en\/information\/#breadcrumb","itemListElement":[{"@type":"ListItem","position":1,"name":"GSP Investment","item":"https:\/\/www.monetupasaulis.lt\/en\/"},{"@type":"ListItem","position":2,"name":"Information"}]},{"@type":"WebSite","@id":"https:\/\/www.monetupasaulis.lt\/en\/#website","url":"https:\/\/www.monetupasaulis.lt\/en\/","name":"monetupasaulis.lt","description":"Monetu pasaulis","potentialAction":[{"@type":"SearchAction","target":{"@type":"EntryPoint","urlTemplate":"https:\/\/www.monetupasaulis.lt\/en\/?s={search_term_string}"},"query-input":{"@type":"PropertyValueSpecification","valueRequired":true,"valueName":"search_term_string"}}],"inLanguage":"en-US"}]}},"_links":{"self":[{"href":"https:\/\/www.monetupasaulis.lt\/en\/wp-json\/wp\/v2\/pages\/10119","targetHints":{"allow":["GET"]}}],"collection":[{"href":"https:\/\/www.monetupasaulis.lt\/en\/wp-json\/wp\/v2\/pages"}],"about":[{"href":"https:\/\/www.monetupasaulis.lt\/en\/wp-json\/wp\/v2\/types\/page"}],"author":[{"embeddable":true,"href":"https:\/\/www.monetupasaulis.lt\/en\/wp-json\/wp\/v2\/users\/1"}],"replies":[{"embeddable":true,"href":"https:\/\/www.monetupasaulis.lt\/en\/wp-json\/wp\/v2\/comments?post=10119"}],"version-history":[{"count":1,"href":"https:\/\/www.monetupasaulis.lt\/en\/wp-json\/wp\/v2\/pages\/10119\/revisions"}],"predecessor-version":[{"id":10124,"href":"https:\/\/www.monetupasaulis.lt\/en\/wp-json\/wp\/v2\/pages\/10119\/revisions\/10124"}],"wp:attachment":[{"href":"https:\/\/www.monetupasaulis.lt\/en\/wp-json\/wp\/v2\/media?parent=10119"}],"curies":[{"name":"wp","href":"https:\/\/api.w.org\/{rel}","templated":true}]}}