{"id":10120,"date":"2020-12-13T12:07:29","date_gmt":"2020-12-13T12:07:29","guid":{"rendered":"https:\/\/www.monetupasaulis.lt\/auksas\/"},"modified":"2024-01-30T13:01:43","modified_gmt":"2024-01-30T11:01:43","slug":"gold","status":"publish","type":"page","link":"https:\/\/www.monetupasaulis.lt\/en\/gold\/","title":{"rendered":"Gold"},"content":{"rendered":"<ul style=\"list-style-type: square;\">\n<li>\u00a0Metalas, kuris i\u0161laik\u0117 savo vert\u0119 t\u016bkstan\u010dius met\u0173;<\/li>\n<li>\u00a0Retas metalas, kurio i\u0161tekliai yra riboti ir paklausa tik auga;<\/li>\n<li>\u00a0Tarptautin\u0117 valiuta, kuri i\u0161laiko stabili\u0105 vert\u0119 laikui b\u0117gant;<\/li>\n<li>\u00a0Infliacijos neveikiama investicija;<\/li>\n<li>\u00a0Investicijos forma, kuri nebankrutuoja;<\/li>\n<li>\u00a0Metalas, tinkantis portfelio diversifikavimui nuo finansini\u0173 ar ekonomini\u0173 krizi\u0173;<\/li>\n<li>\u00a0Likvidus, nes j\u012f galima parduoti bet kurioje pasaulio \u0161alyje;<\/li>\n<li>\u00a0Tvir\u010diausias nuosavyb\u0117s rezervas, kuris nepriklauso nuo religini\u0173 ar politini\u0173 pa\u017ei\u016br\u0173;<\/li>\n<li>\u00a0Visuotinai pripa\u017eintas priva\u010di\u0173 investuotoj\u0173, valstybi\u0173, bank\u0173;<\/li>\n<li>\u00a0Ateities garantas ir saugus ateities pensijos fondas.<\/li>\n<\/ul>\n<p>&nbsp;<\/p>\n<h4>ATSAKYMAI \u012e DA\u017dNUS KLAUSIMUS APIE AUKS\u0104:<\/p>\n<\/h4>\n<p><b>Kaip apsaugoti savo santaupas nuo nuvert\u0117jimo?<\/b><\/p>\n<p>I\u0161skaidykite savo santaupas. Pirmiausia dal\u012f santaup\u0173 skirkite tam, kas u\u017etikrins saugi\u0105 ateit\u012f, o ne u\u017edarb\u012f. Vienas i\u0161 toki\u0173 b\u016bd\u0173 \u2013 fizinis investicinis auksas. Taupymui netinka juvelyriniai dirbiniai.<\/p>\n<p><b>Kod\u0117l reik\u0117t\u0173 investuoti \u012f auks\u0105?<\/b><\/p>\n<p>Auksas yra tikrieji pinigai, kurie yra pripa\u017einti valstybi\u0173, bank\u0173 ir padeda i\u0161laikyti ar net padidinti J\u016bs\u0173 turto vert\u0119 krizi\u0173 ar nesantaikos laikotarpiu. Nat\u016bralu, kad ir kiekvienas \u017emogus dal\u012f savo turto tur\u0117t\u0173 tur\u0117ti fizinio investicinio aukso pavidalu.<\/p>\n<p><b>Ar gali auksas visi\u0161kai nuvert\u0117ti?<\/b><\/p>\n<p>Aukso kaina negali b\u016bti ma\u017eesn\u0117 nei i\u0161gavimo ka\u0161tai, o ilgalaik\u0117je perspektyvoje, aukso vert\u0117 i\u0161lieka nepakitusi.<\/p>\n<p><b>Ar auksas likvidus?<\/b><\/p>\n<p>Kas turi aukso, tas visuomet turi pinig\u0173. Auksas yra taptautin\u0117 prek\u0117 &#8211; valiuta, kuri bet kuriuo metu ir bet kurioje pasaulio \u0161alyje gali b\u016bti parduota.<\/p>\n<p><b>Kur ir kaip\u00a0 laikyti aukso luitus?<\/b><\/p>\n<p>Investicinio aukso luitai (iki 100 gr) yra parduodami standartiniuose gamintojo \u012fpakavimuose su gamintojo sertifikatu. Aukso luitus ir monetas laikykite taip, kad jie neliest\u0173 vienas kito. Nesaugokite monet\u0173 ir luit\u0173 dr\u0117gnose, ne\u0161ildomose patalpose, nes deformuosis sertifikatai. Luitus ir monetas galite saugoti nam\u0173, banko\u00a0 seife ar kitoje Jums saugioje vietoje.<\/p>\n<p>&nbsp;<\/p>\n<div class=\"woocommerce columns-4\"><div class=\"shop-product-wrap grid __gridview-3 gridview-4 row products columns-4\">\n<li class=\"product-category product first\">\n\t<a aria-label=\"Visit product category Gold coins\" href=\"https:\/\/www.monetupasaulis.lt\/en\/product-category\/gold\/gold-coins\/\"><img decoding=\"async\" src=\"https:\/\/www.monetupasaulis.lt\/wp-content\/uploads\/2021\/04\/Princas_lape_AU_1-300x300.jpg\" alt=\"Gold coins\" width=\"300\" height=\"300\" srcset=\"https:\/\/www.monetupasaulis.lt\/wp-content\/uploads\/2021\/04\/Princas_lape_AU_1-300x300.jpg 300w, https:\/\/www.monetupasaulis.lt\/wp-content\/uploads\/2021\/04\/Princas_lape_AU_1-100x100.jpg 100w, https:\/\/www.monetupasaulis.lt\/wp-content\/uploads\/2021\/04\/Princas_lape_AU_1-64x64.jpg 64w, https:\/\/www.monetupasaulis.lt\/wp-content\/uploads\/2021\/04\/Princas_lape_AU_1-150x150.jpg 150w, https:\/\/www.monetupasaulis.lt\/wp-content\/uploads\/2021\/04\/Princas_lape_AU_1-80x80.jpg 80w, https:\/\/www.monetupasaulis.lt\/wp-content\/uploads\/2021\/04\/Princas_lape_AU_1.jpg 600w\" sizes=\"(max-width: 300px) 100vw, 300px\" \/>\t\t<h2 class=\"woocommerce-loop-category__title\">\n\t\t\tGold coins <mark class=\"count\">(8)<\/mark>\t\t<\/h2>\n\t\t<\/a><\/li>\n<!-- <\/ul> -->\n<\/div><\/div>\n<p>&nbsp;<\/p>\n","protected":false},"excerpt":{"rendered":"<p>\u00a0Metalas, kuris i\u0161laik\u0117 savo vert\u0119 t\u016bkstan\u010dius met\u0173; \u00a0Retas metalas, kurio i\u0161tekliai yra riboti ir paklausa tik auga; \u00a0Tarptautin\u0117 valiuta, kuri i\u0161laiko stabili\u0105 vert\u0119 laikui b\u0117gant; \u00a0Infliacijos neveikiama investicija; \u00a0Investicijos forma, kuri nebankrutuoja; \u00a0Metalas, tinkantis portfelio diversifikavimui nuo finansini\u0173 ar ekonomini\u0173 krizi\u0173; \u00a0Likvidus, nes j\u012f galima parduoti bet kurioje pasaulio \u0161alyje; \u00a0Tvir\u010diausias nuosavyb\u0117s rezervas, kuris nepriklauso [&hellip;]<\/p>\n","protected":false},"author":1,"featured_media":0,"parent":0,"menu_order":22,"comment_status":"closed","ping_status":"closed","template":"","meta":{"_acf_changed":false,"footnotes":""},"class_list":["post-10120","page","type-page","status-publish","hentry"],"acf":[],"yoast_head":"<!-- This site is optimized with the Yoast SEO plugin v27.6 - https:\/\/yoast.com\/product\/yoast-seo-wordpress\/ -->\n<title>Gold - monetupasaulis.lt<\/title>\n<meta name=\"robots\" content=\"index, follow, max-snippet:-1, max-image-preview:large, max-video-preview:-1\" \/>\n<link rel=\"canonical\" href=\"https:\/\/www.monetupasaulis.lt\/en\/gold\/\" \/>\n<meta property=\"og:locale\" content=\"en_US\" \/>\n<meta property=\"og:type\" content=\"article\" \/>\n<meta property=\"og:title\" content=\"Gold - monetupasaulis.lt\" \/>\n<meta property=\"og:description\" content=\"\u00a0Metalas, kuris i\u0161laik\u0117 savo vert\u0119 t\u016bkstan\u010dius met\u0173; \u00a0Retas metalas, kurio i\u0161tekliai yra riboti ir paklausa tik auga; \u00a0Tarptautin\u0117 valiuta, kuri i\u0161laiko stabili\u0105 vert\u0119 laikui b\u0117gant; \u00a0Infliacijos neveikiama investicija; \u00a0Investicijos forma, kuri nebankrutuoja; \u00a0Metalas, tinkantis portfelio diversifikavimui nuo finansini\u0173 ar ekonomini\u0173 krizi\u0173; \u00a0Likvidus, nes j\u012f galima parduoti bet kurioje pasaulio \u0161alyje; \u00a0Tvir\u010diausias nuosavyb\u0117s rezervas, kuris nepriklauso [&hellip;]\" \/>\n<meta property=\"og:url\" content=\"https:\/\/www.monetupasaulis.lt\/en\/gold\/\" \/>\n<meta property=\"og:site_name\" content=\"monetupasaulis.lt\" \/>\n<meta property=\"article:modified_time\" content=\"2024-01-30T11:01:43+00:00\" \/>\n<meta name=\"twitter:card\" content=\"summary_large_image\" \/>\n<meta name=\"twitter:label1\" content=\"Est. reading time\" \/>\n\t<meta name=\"twitter:data1\" content=\"2 minutes\" \/>\n<script type=\"application\/ld+json\" class=\"yoast-schema-graph\">{\"@context\":\"https:\\\/\\\/schema.org\",\"@graph\":[{\"@type\":\"WebPage\",\"@id\":\"https:\\\/\\\/www.monetupasaulis.lt\\\/en\\\/gold\\\/\",\"url\":\"https:\\\/\\\/www.monetupasaulis.lt\\\/en\\\/gold\\\/\",\"name\":\"Gold - monetupasaulis.lt\",\"isPartOf\":{\"@id\":\"https:\\\/\\\/www.monetupasaulis.lt\\\/en\\\/#website\"},\"datePublished\":\"2020-12-13T12:07:29+00:00\",\"dateModified\":\"2024-01-30T11:01:43+00:00\",\"breadcrumb\":{\"@id\":\"https:\\\/\\\/www.monetupasaulis.lt\\\/en\\\/gold\\\/#breadcrumb\"},\"inLanguage\":\"en-US\",\"potentialAction\":[{\"@type\":\"ReadAction\",\"target\":[\"https:\\\/\\\/www.monetupasaulis.lt\\\/en\\\/gold\\\/\"]}]},{\"@type\":\"BreadcrumbList\",\"@id\":\"https:\\\/\\\/www.monetupasaulis.lt\\\/en\\\/gold\\\/#breadcrumb\",\"itemListElement\":[{\"@type\":\"ListItem\",\"position\":1,\"name\":\"GSP Investment\",\"item\":\"https:\\\/\\\/www.monetupasaulis.lt\\\/en\\\/\"},{\"@type\":\"ListItem\",\"position\":2,\"name\":\"Gold\"}]},{\"@type\":\"WebSite\",\"@id\":\"https:\\\/\\\/www.monetupasaulis.lt\\\/en\\\/#website\",\"url\":\"https:\\\/\\\/www.monetupasaulis.lt\\\/en\\\/\",\"name\":\"monetupasaulis.lt\",\"description\":\"Monetu pasaulis\",\"potentialAction\":[{\"@type\":\"SearchAction\",\"target\":{\"@type\":\"EntryPoint\",\"urlTemplate\":\"https:\\\/\\\/www.monetupasaulis.lt\\\/en\\\/?s={search_term_string}\"},\"query-input\":{\"@type\":\"PropertyValueSpecification\",\"valueRequired\":true,\"valueName\":\"search_term_string\"}}],\"inLanguage\":\"en-US\"}]}<\/script>\n<!-- \/ Yoast SEO plugin. -->","yoast_head_json":{"title":"Gold - monetupasaulis.lt","robots":{"index":"index","follow":"follow","max-snippet":"max-snippet:-1","max-image-preview":"max-image-preview:large","max-video-preview":"max-video-preview:-1"},"canonical":"https:\/\/www.monetupasaulis.lt\/en\/gold\/","og_locale":"en_US","og_type":"article","og_title":"Gold - monetupasaulis.lt","og_description":"\u00a0Metalas, kuris i\u0161laik\u0117 savo vert\u0119 t\u016bkstan\u010dius met\u0173; \u00a0Retas metalas, kurio i\u0161tekliai yra riboti ir paklausa tik auga; \u00a0Tarptautin\u0117 valiuta, kuri i\u0161laiko stabili\u0105 vert\u0119 laikui b\u0117gant; \u00a0Infliacijos neveikiama investicija; \u00a0Investicijos forma, kuri nebankrutuoja; \u00a0Metalas, tinkantis portfelio diversifikavimui nuo finansini\u0173 ar ekonomini\u0173 krizi\u0173; \u00a0Likvidus, nes j\u012f galima parduoti bet kurioje pasaulio \u0161alyje; \u00a0Tvir\u010diausias nuosavyb\u0117s rezervas, kuris nepriklauso [&hellip;]","og_url":"https:\/\/www.monetupasaulis.lt\/en\/gold\/","og_site_name":"monetupasaulis.lt","article_modified_time":"2024-01-30T11:01:43+00:00","twitter_card":"summary_large_image","twitter_misc":{"Est. reading time":"2 minutes"},"schema":{"@context":"https:\/\/schema.org","@graph":[{"@type":"WebPage","@id":"https:\/\/www.monetupasaulis.lt\/en\/gold\/","url":"https:\/\/www.monetupasaulis.lt\/en\/gold\/","name":"Gold - monetupasaulis.lt","isPartOf":{"@id":"https:\/\/www.monetupasaulis.lt\/en\/#website"},"datePublished":"2020-12-13T12:07:29+00:00","dateModified":"2024-01-30T11:01:43+00:00","breadcrumb":{"@id":"https:\/\/www.monetupasaulis.lt\/en\/gold\/#breadcrumb"},"inLanguage":"en-US","potentialAction":[{"@type":"ReadAction","target":["https:\/\/www.monetupasaulis.lt\/en\/gold\/"]}]},{"@type":"BreadcrumbList","@id":"https:\/\/www.monetupasaulis.lt\/en\/gold\/#breadcrumb","itemListElement":[{"@type":"ListItem","position":1,"name":"GSP Investment","item":"https:\/\/www.monetupasaulis.lt\/en\/"},{"@type":"ListItem","position":2,"name":"Gold"}]},{"@type":"WebSite","@id":"https:\/\/www.monetupasaulis.lt\/en\/#website","url":"https:\/\/www.monetupasaulis.lt\/en\/","name":"monetupasaulis.lt","description":"Monetu pasaulis","potentialAction":[{"@type":"SearchAction","target":{"@type":"EntryPoint","urlTemplate":"https:\/\/www.monetupasaulis.lt\/en\/?s={search_term_string}"},"query-input":{"@type":"PropertyValueSpecification","valueRequired":true,"valueName":"search_term_string"}}],"inLanguage":"en-US"}]}},"_links":{"self":[{"href":"https:\/\/www.monetupasaulis.lt\/en\/wp-json\/wp\/v2\/pages\/10120","targetHints":{"allow":["GET"]}}],"collection":[{"href":"https:\/\/www.monetupasaulis.lt\/en\/wp-json\/wp\/v2\/pages"}],"about":[{"href":"https:\/\/www.monetupasaulis.lt\/en\/wp-json\/wp\/v2\/types\/page"}],"author":[{"embeddable":true,"href":"https:\/\/www.monetupasaulis.lt\/en\/wp-json\/wp\/v2\/users\/1"}],"replies":[{"embeddable":true,"href":"https:\/\/www.monetupasaulis.lt\/en\/wp-json\/wp\/v2\/comments?post=10120"}],"version-history":[{"count":1,"href":"https:\/\/www.monetupasaulis.lt\/en\/wp-json\/wp\/v2\/pages\/10120\/revisions"}],"predecessor-version":[{"id":10125,"href":"https:\/\/www.monetupasaulis.lt\/en\/wp-json\/wp\/v2\/pages\/10120\/revisions\/10125"}],"wp:attachment":[{"href":"https:\/\/www.monetupasaulis.lt\/en\/wp-json\/wp\/v2\/media?parent=10120"}],"curies":[{"name":"wp","href":"https:\/\/api.w.org\/{rel}","templated":true}]}}