{"id":10252,"date":"2023-11-10T18:01:16","date_gmt":"2023-11-10T18:01:16","guid":{"rendered":"https:\/\/www.monetupasaulis.lt\/product\/sidabrine-moneta-coco-is-serijos-kriptidu-pasaulis\/"},"modified":"2026-05-16T20:46:17","modified_gmt":"2026-05-16T17:46:17","slug":"silver-coin-coco","status":"publish","type":"product","link":"https:\/\/www.monetupasaulis.lt\/en\/product\/silver-coin-coco\/","title":{"rendered":"Silver coin &#8220;Coco&#8221;"},"content":{"rendered":"<p>Do you remember the time when you were little and your parents told you to go to bed, but the shadow lurking in the corner of your room kept you restless through the night? Oh yes\u2026 After all this time, I am glad you still remember me.<\/p>\n<p>Have I ever told you about my home? I came from a faraway place beyond the light and between the time, where the dead rest their souls. I felt so lonely, so hungry there\u2026 Now I roam the lands on the Edge of the Old World, where the night falls fast and the deep dark ocean lulls one to a dreamless slumber.<\/p>\n<p>I can see when you are awake. Sleep child, sleep, or else I will come and eat you\u2026 Do you know where I hide?<\/p>\n","protected":false},"excerpt":{"rendered":"<ul style=\"list-style-type: square;\">\n<li>Metal: silver\u00a0999<\/li>\n<li>Diameter: 40 mm<\/li>\n<li>Weight: 31.10 g<\/li>\n<li>FAce value: 2 dollars, Niue<\/li>\n<li>Quality: antique finish\u00a0<\/li>\n<li>Technologies: Digital printing, High relief<\/li>\n<li>Mintage: 1000 pcs<\/li>\n<li>Minted at: Lithuanian Mint<\/li>\n<li>Package: capsule, Presentation box<\/li>\n<li>Certificate: yes<\/li>\n<li>Design by: Laimut\u0117 Varkalait\u0117\u00a0<\/li>\n<li>Year of issue: 2023<\/li>\n<\/ul>\n<p>&nbsp;<\/p>\n","protected":false},"featured_media":9595,"template":"","meta":{"_acf_changed":false},"product_brand":[],"product_cat":[541,274,269,272,271,321,315,267,268],"product_tag":[],"class_list":{"0":"post-10252","1":"product","2":"type-product","3":"status-publish","4":"has-post-thumbnail","6":"product_cat-1-oz-monetos-en","7":"product_cat-pagal-valstybe-en","8":"product_cat-by-theme","9":"product_cat-dovanu-idejos-en","10":"product_cat-legendos-pasakos-en","11":"product_cat-lithuania","12":"product_cat-niue","13":"product_cat-silver","14":"product_cat-silver-coins","15":"product_shipping_class-nemokamo-pristatymo-klase-en","17":"first","18":"outofstock","19":"taxable","20":"shipping-taxable","21":"purchasable","22":"product-type-simple"},"acf":[],"yoast_head":"<!-- This site is optimized with the Yoast SEO plugin v27.6 - https:\/\/yoast.com\/product\/yoast-seo-wordpress\/ -->\n<title>Silver coin &quot;Coco&quot; - monetupasaulis.lt<\/title>\n<meta name=\"description\" content=\"A\u0161 matau, kada j\u016bs pabundate. Miegokite, vaikeliai, miegokite, kitaip a\u0161 ateisiu ir jus suvalgysiu\u2026 Ar \u017einote, kur slepiuosi?\" \/>\n<meta name=\"robots\" content=\"index, follow, max-snippet:-1, max-image-preview:large, max-video-preview:-1\" \/>\n<link rel=\"canonical\" href=\"https:\/\/www.monetupasaulis.lt\/en\/product\/silver-coin-coco\/\" \/>\n<meta property=\"og:locale\" content=\"en_US\" \/>\n<meta property=\"og:type\" content=\"article\" \/>\n<meta property=\"og:title\" content=\"Silver coin &quot;Coco&quot; - monetupasaulis.lt\" \/>\n<meta property=\"og:description\" content=\"A\u0161 matau, kada j\u016bs pabundate. Miegokite, vaikeliai, miegokite, kitaip a\u0161 ateisiu ir jus suvalgysiu\u2026 Ar \u017einote, kur slepiuosi?\" \/>\n<meta property=\"og:url\" content=\"https:\/\/www.monetupasaulis.lt\/en\/product\/silver-coin-coco\/\" \/>\n<meta property=\"og:site_name\" content=\"monetupasaulis.lt\" \/>\n<meta property=\"article:modified_time\" content=\"2026-05-16T17:46:17+00:00\" \/>\n<meta property=\"og:image\" content=\"https:\/\/www.monetupasaulis.lt\/wp-content\/uploads\/2023\/11\/Coco-reverse-1.jpg\" \/>\n\t<meta property=\"og:image:width\" content=\"1000\" \/>\n\t<meta property=\"og:image:height\" content=\"1000\" \/>\n\t<meta property=\"og:image:type\" content=\"image\/jpeg\" \/>\n<meta name=\"twitter:card\" content=\"summary_large_image\" \/>\n<meta name=\"twitter:label1\" content=\"Est. reading time\" \/>\n\t<meta name=\"twitter:data1\" content=\"1 minute\" \/>\n<script type=\"application\/ld+json\" class=\"yoast-schema-graph\">{\"@context\":\"https:\\\/\\\/schema.org\",\"@graph\":[{\"@type\":\"WebPage\",\"@id\":\"https:\\\/\\\/www.monetupasaulis.lt\\\/en\\\/product\\\/silver-coin-coco\\\/\",\"url\":\"https:\\\/\\\/www.monetupasaulis.lt\\\/en\\\/product\\\/silver-coin-coco\\\/\",\"name\":\"Silver coin \\\"Coco\\\" - monetupasaulis.lt\",\"isPartOf\":{\"@id\":\"https:\\\/\\\/www.monetupasaulis.lt\\\/en\\\/#website\"},\"primaryImageOfPage\":{\"@id\":\"https:\\\/\\\/www.monetupasaulis.lt\\\/en\\\/product\\\/silver-coin-coco\\\/#primaryimage\"},\"image\":{\"@id\":\"https:\\\/\\\/www.monetupasaulis.lt\\\/en\\\/product\\\/silver-coin-coco\\\/#primaryimage\"},\"thumbnailUrl\":\"https:\\\/\\\/www.monetupasaulis.lt\\\/wp-content\\\/uploads\\\/2023\\\/11\\\/Coco-reverse-1.jpg\",\"datePublished\":\"2023-11-10T18:01:16+00:00\",\"dateModified\":\"2026-05-16T17:46:17+00:00\",\"description\":\"A\u0161 matau, kada j\u016bs pabundate. Miegokite, vaikeliai, miegokite, kitaip a\u0161 ateisiu ir jus suvalgysiu\u2026 Ar \u017einote, kur slepiuosi?\",\"breadcrumb\":{\"@id\":\"https:\\\/\\\/www.monetupasaulis.lt\\\/en\\\/product\\\/silver-coin-coco\\\/#breadcrumb\"},\"inLanguage\":\"en-US\",\"potentialAction\":[{\"@type\":\"ReadAction\",\"target\":[\"https:\\\/\\\/www.monetupasaulis.lt\\\/en\\\/product\\\/silver-coin-coco\\\/\"]}]},{\"@type\":\"ImageObject\",\"inLanguage\":\"en-US\",\"@id\":\"https:\\\/\\\/www.monetupasaulis.lt\\\/en\\\/product\\\/silver-coin-coco\\\/#primaryimage\",\"url\":\"https:\\\/\\\/www.monetupasaulis.lt\\\/wp-content\\\/uploads\\\/2023\\\/11\\\/Coco-reverse-1.jpg\",\"contentUrl\":\"https:\\\/\\\/www.monetupasaulis.lt\\\/wp-content\\\/uploads\\\/2023\\\/11\\\/Coco-reverse-1.jpg\",\"width\":1000,\"height\":1000},{\"@type\":\"BreadcrumbList\",\"@id\":\"https:\\\/\\\/www.monetupasaulis.lt\\\/en\\\/product\\\/silver-coin-coco\\\/#breadcrumb\",\"itemListElement\":[{\"@type\":\"ListItem\",\"position\":1,\"name\":\"GSP Investment\",\"item\":\"https:\\\/\\\/www.monetupasaulis.lt\\\/en\\\/\"},{\"@type\":\"ListItem\",\"position\":2,\"name\":\"Shop\",\"item\":\"https:\\\/\\\/www.monetupasaulis.lt\\\/en\\\/shop\\\/\"},{\"@type\":\"ListItem\",\"position\":3,\"name\":\"Silver coin &#8220;Coco&#8221;\"}]},{\"@type\":\"WebSite\",\"@id\":\"https:\\\/\\\/www.monetupasaulis.lt\\\/en\\\/#website\",\"url\":\"https:\\\/\\\/www.monetupasaulis.lt\\\/en\\\/\",\"name\":\"monetupasaulis.lt\",\"description\":\"Monetu pasaulis\",\"potentialAction\":[{\"@type\":\"SearchAction\",\"target\":{\"@type\":\"EntryPoint\",\"urlTemplate\":\"https:\\\/\\\/www.monetupasaulis.lt\\\/en\\\/?s={search_term_string}\"},\"query-input\":{\"@type\":\"PropertyValueSpecification\",\"valueRequired\":true,\"valueName\":\"search_term_string\"}}],\"inLanguage\":\"en-US\"}]}<\/script>\n<!-- \/ Yoast SEO plugin. -->","yoast_head_json":{"title":"Silver coin \"Coco\" - monetupasaulis.lt","description":"A\u0161 matau, kada j\u016bs pabundate. Miegokite, vaikeliai, miegokite, kitaip a\u0161 ateisiu ir jus suvalgysiu\u2026 Ar \u017einote, kur slepiuosi?","robots":{"index":"index","follow":"follow","max-snippet":"max-snippet:-1","max-image-preview":"max-image-preview:large","max-video-preview":"max-video-preview:-1"},"canonical":"https:\/\/www.monetupasaulis.lt\/en\/product\/silver-coin-coco\/","og_locale":"en_US","og_type":"article","og_title":"Silver coin \"Coco\" - monetupasaulis.lt","og_description":"A\u0161 matau, kada j\u016bs pabundate. Miegokite, vaikeliai, miegokite, kitaip a\u0161 ateisiu ir jus suvalgysiu\u2026 Ar \u017einote, kur slepiuosi?","og_url":"https:\/\/www.monetupasaulis.lt\/en\/product\/silver-coin-coco\/","og_site_name":"monetupasaulis.lt","article_modified_time":"2026-05-16T17:46:17+00:00","og_image":[{"width":1000,"height":1000,"url":"https:\/\/www.monetupasaulis.lt\/wp-content\/uploads\/2023\/11\/Coco-reverse-1.jpg","type":"image\/jpeg"}],"twitter_card":"summary_large_image","twitter_misc":{"Est. reading time":"1 minute"},"schema":{"@context":"https:\/\/schema.org","@graph":[{"@type":"WebPage","@id":"https:\/\/www.monetupasaulis.lt\/en\/product\/silver-coin-coco\/","url":"https:\/\/www.monetupasaulis.lt\/en\/product\/silver-coin-coco\/","name":"Silver coin \"Coco\" - monetupasaulis.lt","isPartOf":{"@id":"https:\/\/www.monetupasaulis.lt\/en\/#website"},"primaryImageOfPage":{"@id":"https:\/\/www.monetupasaulis.lt\/en\/product\/silver-coin-coco\/#primaryimage"},"image":{"@id":"https:\/\/www.monetupasaulis.lt\/en\/product\/silver-coin-coco\/#primaryimage"},"thumbnailUrl":"https:\/\/www.monetupasaulis.lt\/wp-content\/uploads\/2023\/11\/Coco-reverse-1.jpg","datePublished":"2023-11-10T18:01:16+00:00","dateModified":"2026-05-16T17:46:17+00:00","description":"A\u0161 matau, kada j\u016bs pabundate. Miegokite, vaikeliai, miegokite, kitaip a\u0161 ateisiu ir jus suvalgysiu\u2026 Ar \u017einote, kur slepiuosi?","breadcrumb":{"@id":"https:\/\/www.monetupasaulis.lt\/en\/product\/silver-coin-coco\/#breadcrumb"},"inLanguage":"en-US","potentialAction":[{"@type":"ReadAction","target":["https:\/\/www.monetupasaulis.lt\/en\/product\/silver-coin-coco\/"]}]},{"@type":"ImageObject","inLanguage":"en-US","@id":"https:\/\/www.monetupasaulis.lt\/en\/product\/silver-coin-coco\/#primaryimage","url":"https:\/\/www.monetupasaulis.lt\/wp-content\/uploads\/2023\/11\/Coco-reverse-1.jpg","contentUrl":"https:\/\/www.monetupasaulis.lt\/wp-content\/uploads\/2023\/11\/Coco-reverse-1.jpg","width":1000,"height":1000},{"@type":"BreadcrumbList","@id":"https:\/\/www.monetupasaulis.lt\/en\/product\/silver-coin-coco\/#breadcrumb","itemListElement":[{"@type":"ListItem","position":1,"name":"GSP Investment","item":"https:\/\/www.monetupasaulis.lt\/en\/"},{"@type":"ListItem","position":2,"name":"Shop","item":"https:\/\/www.monetupasaulis.lt\/en\/shop\/"},{"@type":"ListItem","position":3,"name":"Silver coin &#8220;Coco&#8221;"}]},{"@type":"WebSite","@id":"https:\/\/www.monetupasaulis.lt\/en\/#website","url":"https:\/\/www.monetupasaulis.lt\/en\/","name":"monetupasaulis.lt","description":"Monetu pasaulis","potentialAction":[{"@type":"SearchAction","target":{"@type":"EntryPoint","urlTemplate":"https:\/\/www.monetupasaulis.lt\/en\/?s={search_term_string}"},"query-input":{"@type":"PropertyValueSpecification","valueRequired":true,"valueName":"search_term_string"}}],"inLanguage":"en-US"}]}},"_links":{"self":[{"href":"https:\/\/www.monetupasaulis.lt\/en\/wp-json\/wp\/v2\/product\/10252","targetHints":{"allow":["GET"]}}],"collection":[{"href":"https:\/\/www.monetupasaulis.lt\/en\/wp-json\/wp\/v2\/product"}],"about":[{"href":"https:\/\/www.monetupasaulis.lt\/en\/wp-json\/wp\/v2\/types\/product"}],"wp:featuredmedia":[{"embeddable":true,"href":"https:\/\/www.monetupasaulis.lt\/en\/wp-json\/wp\/v2\/media\/9595"}],"wp:attachment":[{"href":"https:\/\/www.monetupasaulis.lt\/en\/wp-json\/wp\/v2\/media?parent=10252"}],"wp:term":[{"taxonomy":"product_brand","embeddable":true,"href":"https:\/\/www.monetupasaulis.lt\/en\/wp-json\/wp\/v2\/product_brand?post=10252"},{"taxonomy":"product_cat","embeddable":true,"href":"https:\/\/www.monetupasaulis.lt\/en\/wp-json\/wp\/v2\/product_cat?post=10252"},{"taxonomy":"product_tag","embeddable":true,"href":"https:\/\/www.monetupasaulis.lt\/en\/wp-json\/wp\/v2\/product_tag?post=10252"}],"curies":[{"name":"wp","href":"https:\/\/api.w.org\/{rel}","templated":true}]}}