{"id":10455,"date":"2023-02-22T10:58:03","date_gmt":"2023-02-22T10:58:03","guid":{"rendered":"https:\/\/www.monetupasaulis.lt\/product\/sidabrine-moneta-zalioji-mamba-menulio-sviesoje-2-oz\/"},"modified":"2026-05-16T11:18:42","modified_gmt":"2026-05-16T08:18:42","slug":"silver-coin-green-mamba-2-oz","status":"publish","type":"product","link":"https:\/\/www.monetupasaulis.lt\/en\/product\/silver-coin-green-mamba-2-oz\/","title":{"rendered":"Silver coin &#8220;Green Mamba&#8221; 2oz"},"content":{"rendered":"<div class=\"container\">\n<div class=\"col-xxl-8 col-xl-10 offset-xxl-2 offset-xl-1\">\n<div class=\"simple-page animate-item animation-top-md animated\">\n<p>The green mamba is the ultimate symbol of an ironic mixture of timidity and ferocity. This dangerous snake is succinctly carved on a 2oz silver coin across a 45mm diameter. The design is with careful selective gilding of background moon, with high relief and antique finish of the arboreal king.<\/p>\n<p>Humans are notorious for making steady attempts to overcome their fears or weaknesses and Green Mamba will remind you of the eternal struggle and inspire you to great achievements! With this coin in your collection, admiration for your numismatic passion will significantly increase.<\/p>\n<\/div>\n<\/div>\n<\/div>\n<p><iframe title=\"Green Mamba Wildlife in the Moonlight 2 oz Antique finish Silver Coin 5$ Niue 2022\" width=\"500\" height=\"281\" src=\"https:\/\/www.youtube.com\/embed\/TB0n_0vpCeg?feature=oembed\" frameborder=\"0\" allow=\"accelerometer; autoplay; clipboard-write; encrypted-media; gyroscope; picture-in-picture; web-share\" referrerpolicy=\"strict-origin-when-cross-origin\" allowfullscreen><\/iframe><\/p>\n","protected":false},"excerpt":{"rendered":"<ul style=\"list-style-type: square;\">\n<li>Metal: silver \u00a0999<\/li>\n<li>Mintage: 500 pcs<\/li>\n<li>Weight: 62,20 g (2 oz)<\/li>\n<li>Diameter: 45 mm<\/li>\n<li>Face value: 5 dollars<\/li>\n<li>Country: Niue<\/li>\n<li>Quality: Antique finish<\/li>\n<li>Year of issue: 2022<\/li>\n<li>Certificate: yes<\/li>\n<li>Package: capsule, box<\/li>\n<li>Technologies: high relief, selective gilding\u00a0<\/li>\n<\/ul>\n<p>&nbsp;<\/p>\n","protected":false},"featured_media":7891,"template":"","meta":{"_acf_changed":false},"product_brand":[],"product_cat":[539,341,273,274,269,272,340,315,267,268],"product_tag":[],"class_list":{"0":"post-10455","1":"product","2":"type-product","3":"status-publish","4":"has-post-thumbnail","6":"product_cat-2-oz-monetos-en","7":"product_cat-animals","8":"product_cat-gimtadieniai-en","9":"product_cat-pagal-valstybe-en","10":"product_cat-by-theme","11":"product_cat-dovanu-idejos-en","12":"product_cat-nature","13":"product_cat-niue","14":"product_cat-silver","15":"product_cat-silver-coins","16":"product_shipping_class-nemokamo-pristatymo-klase-en","18":"first","19":"instock","20":"taxable","21":"shipping-taxable","22":"purchasable","23":"product-type-simple"},"acf":[],"yoast_head":"<!-- This site is optimized with the Yoast SEO plugin v27.6 - https:\/\/yoast.com\/product\/yoast-seo-wordpress\/ -->\n<title>Silver coin &quot;Green Mamba&quot; 2oz - monetupasaulis.lt<\/title>\n<meta name=\"description\" content=\"Ne\u012ftik\u0117tina 2 uncij\u0173 sidabrin\u0117 moneta &quot;\u017dalioji Mamba&quot; yra penktoji serijos \u201eLaukin\u0117 gamta m\u0117nulio \u0161viesoje\u201c moneta, skirta \u017daliajai Mambai.\" \/>\n<meta name=\"robots\" content=\"index, follow, max-snippet:-1, max-image-preview:large, max-video-preview:-1\" \/>\n<link rel=\"canonical\" href=\"https:\/\/www.monetupasaulis.lt\/en\/product\/silver-coin-green-mamba-2-oz\/\" \/>\n<meta property=\"og:locale\" content=\"en_US\" \/>\n<meta property=\"og:type\" content=\"article\" \/>\n<meta property=\"og:title\" content=\"Silver coin &quot;Green Mamba&quot; 2oz - monetupasaulis.lt\" \/>\n<meta property=\"og:description\" content=\"Ne\u012ftik\u0117tina 2 uncij\u0173 sidabrin\u0117 moneta &quot;\u017dalioji Mamba&quot; yra penktoji serijos \u201eLaukin\u0117 gamta m\u0117nulio \u0161viesoje\u201c moneta, skirta \u017daliajai Mambai.\" \/>\n<meta property=\"og:url\" content=\"https:\/\/www.monetupasaulis.lt\/en\/product\/silver-coin-green-mamba-2-oz\/\" \/>\n<meta property=\"og:site_name\" content=\"monetupasaulis.lt\" \/>\n<meta property=\"article:modified_time\" content=\"2026-05-16T08:18:42+00:00\" \/>\n<meta property=\"og:image\" content=\"https:\/\/www.monetupasaulis.lt\/wp-content\/uploads\/2023\/02\/Green-Mamba_rev_1000x1000.jpg\" \/>\n\t<meta property=\"og:image:width\" content=\"1000\" \/>\n\t<meta property=\"og:image:height\" content=\"1000\" \/>\n\t<meta property=\"og:image:type\" content=\"image\/jpeg\" \/>\n<meta name=\"twitter:card\" content=\"summary_large_image\" \/>\n<meta name=\"twitter:label1\" content=\"Est. reading time\" \/>\n\t<meta name=\"twitter:data1\" content=\"1 minute\" \/>\n<script type=\"application\/ld+json\" class=\"yoast-schema-graph\">{\"@context\":\"https:\\\/\\\/schema.org\",\"@graph\":[{\"@type\":\"WebPage\",\"@id\":\"https:\\\/\\\/www.monetupasaulis.lt\\\/en\\\/product\\\/silver-coin-green-mamba-2-oz\\\/\",\"url\":\"https:\\\/\\\/www.monetupasaulis.lt\\\/en\\\/product\\\/silver-coin-green-mamba-2-oz\\\/\",\"name\":\"Silver coin \\\"Green Mamba\\\" 2oz - monetupasaulis.lt\",\"isPartOf\":{\"@id\":\"https:\\\/\\\/www.monetupasaulis.lt\\\/en\\\/#website\"},\"primaryImageOfPage\":{\"@id\":\"https:\\\/\\\/www.monetupasaulis.lt\\\/en\\\/product\\\/silver-coin-green-mamba-2-oz\\\/#primaryimage\"},\"image\":{\"@id\":\"https:\\\/\\\/www.monetupasaulis.lt\\\/en\\\/product\\\/silver-coin-green-mamba-2-oz\\\/#primaryimage\"},\"thumbnailUrl\":\"https:\\\/\\\/www.monetupasaulis.lt\\\/wp-content\\\/uploads\\\/2023\\\/02\\\/Green-Mamba_rev_1000x1000.jpg\",\"datePublished\":\"2023-02-22T10:58:03+00:00\",\"dateModified\":\"2026-05-16T08:18:42+00:00\",\"description\":\"Ne\u012ftik\u0117tina 2 uncij\u0173 sidabrin\u0117 moneta \\\"\u017dalioji Mamba\\\" yra penktoji serijos \u201eLaukin\u0117 gamta m\u0117nulio \u0161viesoje\u201c moneta, skirta \u017daliajai Mambai.\",\"breadcrumb\":{\"@id\":\"https:\\\/\\\/www.monetupasaulis.lt\\\/en\\\/product\\\/silver-coin-green-mamba-2-oz\\\/#breadcrumb\"},\"inLanguage\":\"en-US\",\"potentialAction\":[{\"@type\":\"ReadAction\",\"target\":[\"https:\\\/\\\/www.monetupasaulis.lt\\\/en\\\/product\\\/silver-coin-green-mamba-2-oz\\\/\"]}]},{\"@type\":\"ImageObject\",\"inLanguage\":\"en-US\",\"@id\":\"https:\\\/\\\/www.monetupasaulis.lt\\\/en\\\/product\\\/silver-coin-green-mamba-2-oz\\\/#primaryimage\",\"url\":\"https:\\\/\\\/www.monetupasaulis.lt\\\/wp-content\\\/uploads\\\/2023\\\/02\\\/Green-Mamba_rev_1000x1000.jpg\",\"contentUrl\":\"https:\\\/\\\/www.monetupasaulis.lt\\\/wp-content\\\/uploads\\\/2023\\\/02\\\/Green-Mamba_rev_1000x1000.jpg\",\"width\":1000,\"height\":1000},{\"@type\":\"BreadcrumbList\",\"@id\":\"https:\\\/\\\/www.monetupasaulis.lt\\\/en\\\/product\\\/silver-coin-green-mamba-2-oz\\\/#breadcrumb\",\"itemListElement\":[{\"@type\":\"ListItem\",\"position\":1,\"name\":\"GSP Investment\",\"item\":\"https:\\\/\\\/www.monetupasaulis.lt\\\/en\\\/\"},{\"@type\":\"ListItem\",\"position\":2,\"name\":\"Shop\",\"item\":\"https:\\\/\\\/www.monetupasaulis.lt\\\/en\\\/shop\\\/\"},{\"@type\":\"ListItem\",\"position\":3,\"name\":\"Silver coin &#8220;Green Mamba&#8221; 2oz\"}]},{\"@type\":\"WebSite\",\"@id\":\"https:\\\/\\\/www.monetupasaulis.lt\\\/en\\\/#website\",\"url\":\"https:\\\/\\\/www.monetupasaulis.lt\\\/en\\\/\",\"name\":\"monetupasaulis.lt\",\"description\":\"Monetu pasaulis\",\"potentialAction\":[{\"@type\":\"SearchAction\",\"target\":{\"@type\":\"EntryPoint\",\"urlTemplate\":\"https:\\\/\\\/www.monetupasaulis.lt\\\/en\\\/?s={search_term_string}\"},\"query-input\":{\"@type\":\"PropertyValueSpecification\",\"valueRequired\":true,\"valueName\":\"search_term_string\"}}],\"inLanguage\":\"en-US\"}]}<\/script>\n<!-- \/ Yoast SEO plugin. -->","yoast_head_json":{"title":"Silver coin \"Green Mamba\" 2oz - monetupasaulis.lt","description":"Ne\u012ftik\u0117tina 2 uncij\u0173 sidabrin\u0117 moneta \"\u017dalioji Mamba\" yra penktoji serijos \u201eLaukin\u0117 gamta m\u0117nulio \u0161viesoje\u201c moneta, skirta \u017daliajai Mambai.","robots":{"index":"index","follow":"follow","max-snippet":"max-snippet:-1","max-image-preview":"max-image-preview:large","max-video-preview":"max-video-preview:-1"},"canonical":"https:\/\/www.monetupasaulis.lt\/en\/product\/silver-coin-green-mamba-2-oz\/","og_locale":"en_US","og_type":"article","og_title":"Silver coin \"Green Mamba\" 2oz - monetupasaulis.lt","og_description":"Ne\u012ftik\u0117tina 2 uncij\u0173 sidabrin\u0117 moneta \"\u017dalioji Mamba\" yra penktoji serijos \u201eLaukin\u0117 gamta m\u0117nulio \u0161viesoje\u201c moneta, skirta \u017daliajai Mambai.","og_url":"https:\/\/www.monetupasaulis.lt\/en\/product\/silver-coin-green-mamba-2-oz\/","og_site_name":"monetupasaulis.lt","article_modified_time":"2026-05-16T08:18:42+00:00","og_image":[{"width":1000,"height":1000,"url":"https:\/\/www.monetupasaulis.lt\/wp-content\/uploads\/2023\/02\/Green-Mamba_rev_1000x1000.jpg","type":"image\/jpeg"}],"twitter_card":"summary_large_image","twitter_misc":{"Est. reading time":"1 minute"},"schema":{"@context":"https:\/\/schema.org","@graph":[{"@type":"WebPage","@id":"https:\/\/www.monetupasaulis.lt\/en\/product\/silver-coin-green-mamba-2-oz\/","url":"https:\/\/www.monetupasaulis.lt\/en\/product\/silver-coin-green-mamba-2-oz\/","name":"Silver coin \"Green Mamba\" 2oz - monetupasaulis.lt","isPartOf":{"@id":"https:\/\/www.monetupasaulis.lt\/en\/#website"},"primaryImageOfPage":{"@id":"https:\/\/www.monetupasaulis.lt\/en\/product\/silver-coin-green-mamba-2-oz\/#primaryimage"},"image":{"@id":"https:\/\/www.monetupasaulis.lt\/en\/product\/silver-coin-green-mamba-2-oz\/#primaryimage"},"thumbnailUrl":"https:\/\/www.monetupasaulis.lt\/wp-content\/uploads\/2023\/02\/Green-Mamba_rev_1000x1000.jpg","datePublished":"2023-02-22T10:58:03+00:00","dateModified":"2026-05-16T08:18:42+00:00","description":"Ne\u012ftik\u0117tina 2 uncij\u0173 sidabrin\u0117 moneta \"\u017dalioji Mamba\" yra penktoji serijos \u201eLaukin\u0117 gamta m\u0117nulio \u0161viesoje\u201c moneta, skirta \u017daliajai Mambai.","breadcrumb":{"@id":"https:\/\/www.monetupasaulis.lt\/en\/product\/silver-coin-green-mamba-2-oz\/#breadcrumb"},"inLanguage":"en-US","potentialAction":[{"@type":"ReadAction","target":["https:\/\/www.monetupasaulis.lt\/en\/product\/silver-coin-green-mamba-2-oz\/"]}]},{"@type":"ImageObject","inLanguage":"en-US","@id":"https:\/\/www.monetupasaulis.lt\/en\/product\/silver-coin-green-mamba-2-oz\/#primaryimage","url":"https:\/\/www.monetupasaulis.lt\/wp-content\/uploads\/2023\/02\/Green-Mamba_rev_1000x1000.jpg","contentUrl":"https:\/\/www.monetupasaulis.lt\/wp-content\/uploads\/2023\/02\/Green-Mamba_rev_1000x1000.jpg","width":1000,"height":1000},{"@type":"BreadcrumbList","@id":"https:\/\/www.monetupasaulis.lt\/en\/product\/silver-coin-green-mamba-2-oz\/#breadcrumb","itemListElement":[{"@type":"ListItem","position":1,"name":"GSP Investment","item":"https:\/\/www.monetupasaulis.lt\/en\/"},{"@type":"ListItem","position":2,"name":"Shop","item":"https:\/\/www.monetupasaulis.lt\/en\/shop\/"},{"@type":"ListItem","position":3,"name":"Silver coin &#8220;Green Mamba&#8221; 2oz"}]},{"@type":"WebSite","@id":"https:\/\/www.monetupasaulis.lt\/en\/#website","url":"https:\/\/www.monetupasaulis.lt\/en\/","name":"monetupasaulis.lt","description":"Monetu pasaulis","potentialAction":[{"@type":"SearchAction","target":{"@type":"EntryPoint","urlTemplate":"https:\/\/www.monetupasaulis.lt\/en\/?s={search_term_string}"},"query-input":{"@type":"PropertyValueSpecification","valueRequired":true,"valueName":"search_term_string"}}],"inLanguage":"en-US"}]}},"_links":{"self":[{"href":"https:\/\/www.monetupasaulis.lt\/en\/wp-json\/wp\/v2\/product\/10455","targetHints":{"allow":["GET"]}}],"collection":[{"href":"https:\/\/www.monetupasaulis.lt\/en\/wp-json\/wp\/v2\/product"}],"about":[{"href":"https:\/\/www.monetupasaulis.lt\/en\/wp-json\/wp\/v2\/types\/product"}],"wp:featuredmedia":[{"embeddable":true,"href":"https:\/\/www.monetupasaulis.lt\/en\/wp-json\/wp\/v2\/media\/7891"}],"wp:attachment":[{"href":"https:\/\/www.monetupasaulis.lt\/en\/wp-json\/wp\/v2\/media?parent=10455"}],"wp:term":[{"taxonomy":"product_brand","embeddable":true,"href":"https:\/\/www.monetupasaulis.lt\/en\/wp-json\/wp\/v2\/product_brand?post=10455"},{"taxonomy":"product_cat","embeddable":true,"href":"https:\/\/www.monetupasaulis.lt\/en\/wp-json\/wp\/v2\/product_cat?post=10455"},{"taxonomy":"product_tag","embeddable":true,"href":"https:\/\/www.monetupasaulis.lt\/en\/wp-json\/wp\/v2\/product_tag?post=10455"}],"curies":[{"name":"wp","href":"https:\/\/api.w.org\/{rel}","templated":true}]}}