{"id":10649,"date":"2022-06-23T04:56:59","date_gmt":"2022-06-23T04:56:59","guid":{"rendered":"https:\/\/www.monetupasaulis.lt\/product\/sidabrine-moneta-darbsciosios-skruzdeles-2-oz\/"},"modified":"2026-05-17T07:12:36","modified_gmt":"2026-05-17T04:12:36","slug":"silver-coin-busy-ants-nature-architects-2-oz","status":"publish","type":"product","link":"https:\/\/www.monetupasaulis.lt\/en\/product\/silver-coin-busy-ants-nature-architects-2-oz\/","title":{"rendered":"Silver coin &#8220;Busy Ants &#8211; Nature Architects\u201d  2 oz"},"content":{"rendered":"<div class=\"container\">\n<div class=\"col-xxl-8 col-xl-10 offset-xxl-2 offset-xl-1\">\n<div class=\"simple-page animate-item animation-top-md animated\">\n<p>Meet the coin with a succinct description of one of the most successful and busiest social animals on the planet, ants. Their business and success are the direct features of this coin title and numismatic depiction.<\/p>\n<p>On this antique finish silver coin, you get the most vivid expression of busy ant colonies with the selective gilding of a leaf. Your phlegmatic collection deserves this coin. After all, these ants are nature&#8217;s first builders!<\/p>\n<\/div>\n<\/div>\n<\/div>\n<p>&nbsp;<\/p>\n<p><iframe title=\"Busy Ants 2 oz Antique finish Silver Coin 10 Cedis Republic of Ghana 2022\" width=\"500\" height=\"281\" src=\"https:\/\/www.youtube.com\/embed\/l7XwqI8FgQ4?feature=oembed\" frameborder=\"0\" allow=\"accelerometer; autoplay; clipboard-write; encrypted-media; gyroscope; picture-in-picture; web-share\" referrerpolicy=\"strict-origin-when-cross-origin\" allowfullscreen><\/iframe><\/p>\n<p>&nbsp;<\/p>\n<p><iframe title=\"Sidabrin\u0117 moneta \u201eDarb\u0161\u010diosios skruzd\u0117l\u0117s\u201c 2 oz\" width=\"500\" height=\"281\" src=\"https:\/\/www.youtube.com\/embed\/Iljv6K8_VzM?feature=oembed\" frameborder=\"0\" allow=\"accelerometer; autoplay; clipboard-write; encrypted-media; gyroscope; picture-in-picture; web-share\" referrerpolicy=\"strict-origin-when-cross-origin\" allowfullscreen><\/iframe><\/p>\n","protected":false},"excerpt":{"rendered":"<ul style=\"list-style-type: square;\">\n<li>Metal: silver\u00a0999<\/li>\n<li>Mintage: 500 pcs<\/li>\n<li>Weight: 62,20 g (2 oz)<\/li>\n<li>Diameter: 45 mm<\/li>\n<li>Quality: Antique finish<\/li>\n<li>Face value: 10 Cedis<\/li>\n<li>Country: Ghana<\/li>\n<li>Technologies: High relief, gilding<\/li>\n<li>Package: capsule, box<\/li>\n<li>Certificate: yes<\/li>\n<li>Year of issue: 2022<\/li>\n<\/ul>\n<p>&nbsp;<\/p>\n","protected":false},"featured_media":6375,"template":"","meta":{"_acf_changed":false},"product_brand":[],"product_cat":[539,341,335,274,269,356,272,340,267,268],"product_tag":[],"class_list":{"0":"post-10649","1":"product","2":"type-product","3":"status-publish","4":"has-post-thumbnail","6":"product_cat-2-oz-monetos-en","7":"product_cat-animals","8":"product_cat-business","9":"product_cat-pagal-valstybe-en","10":"product_cat-by-theme","11":"product_cat-ghana","12":"product_cat-dovanu-idejos-en","13":"product_cat-nature","14":"product_cat-silver","15":"product_cat-silver-coins","16":"product_shipping_class-nemokamo-pristatymo-klase-en","18":"first","19":"outofstock","20":"taxable","21":"shipping-taxable","22":"purchasable","23":"product-type-simple"},"acf":[],"yoast_head":"<!-- This site is optimized with the Yoast SEO plugin v27.6 - https:\/\/yoast.com\/product\/yoast-seo-wordpress\/ -->\n<title>Silver coin &quot;Busy Ants - Nature Architects\u201d 2 oz - monetupasaulis.lt<\/title>\n<meta name=\"description\" content=\"Meet the coin with a succinct description of one of the most successful and busiest social animals on the planet, ants. Their business and success are\" \/>\n<meta name=\"robots\" content=\"index, follow, max-snippet:-1, max-image-preview:large, max-video-preview:-1\" \/>\n<link rel=\"canonical\" href=\"https:\/\/www.monetupasaulis.lt\/en\/product\/silver-coin-busy-ants-nature-architects-2-oz\/\" \/>\n<meta property=\"og:locale\" content=\"en_US\" \/>\n<meta property=\"og:type\" content=\"article\" \/>\n<meta property=\"og:title\" content=\"Silver coin &quot;Busy Ants - Nature Architects\u201d 2 oz - monetupasaulis.lt\" \/>\n<meta property=\"og:description\" content=\"Meet the coin with a succinct description of one of the most successful and busiest social animals on the planet, ants. Their business and success are\" \/>\n<meta property=\"og:url\" content=\"https:\/\/www.monetupasaulis.lt\/en\/product\/silver-coin-busy-ants-nature-architects-2-oz\/\" \/>\n<meta property=\"og:site_name\" content=\"monetupasaulis.lt\" \/>\n<meta property=\"article:modified_time\" content=\"2026-05-17T04:12:36+00:00\" \/>\n<meta property=\"og:image\" content=\"https:\/\/www.monetupasaulis.lt\/wp-content\/uploads\/2022\/06\/Skruzdes_1.jpg\" \/>\n\t<meta property=\"og:image:width\" content=\"600\" \/>\n\t<meta property=\"og:image:height\" content=\"600\" \/>\n\t<meta property=\"og:image:type\" content=\"image\/jpeg\" \/>\n<meta name=\"twitter:card\" content=\"summary_large_image\" \/>\n<meta name=\"twitter:label1\" content=\"Est. reading time\" \/>\n\t<meta name=\"twitter:data1\" content=\"1 minute\" \/>\n<script type=\"application\/ld+json\" class=\"yoast-schema-graph\">{\"@context\":\"https:\\\/\\\/schema.org\",\"@graph\":[{\"@type\":\"WebPage\",\"@id\":\"https:\\\/\\\/www.monetupasaulis.lt\\\/en\\\/product\\\/silver-coin-busy-ants-nature-architects-2-oz\\\/\",\"url\":\"https:\\\/\\\/www.monetupasaulis.lt\\\/en\\\/product\\\/silver-coin-busy-ants-nature-architects-2-oz\\\/\",\"name\":\"Silver coin \\\"Busy Ants - Nature Architects\u201d 2 oz - monetupasaulis.lt\",\"isPartOf\":{\"@id\":\"https:\\\/\\\/www.monetupasaulis.lt\\\/en\\\/#website\"},\"primaryImageOfPage\":{\"@id\":\"https:\\\/\\\/www.monetupasaulis.lt\\\/en\\\/product\\\/silver-coin-busy-ants-nature-architects-2-oz\\\/#primaryimage\"},\"image\":{\"@id\":\"https:\\\/\\\/www.monetupasaulis.lt\\\/en\\\/product\\\/silver-coin-busy-ants-nature-architects-2-oz\\\/#primaryimage\"},\"thumbnailUrl\":\"https:\\\/\\\/www.monetupasaulis.lt\\\/wp-content\\\/uploads\\\/2022\\\/06\\\/Skruzdes_1.jpg\",\"datePublished\":\"2022-06-23T04:56:59+00:00\",\"dateModified\":\"2026-05-17T04:12:36+00:00\",\"description\":\"Meet the coin with a succinct description of one of the most successful and busiest social animals on the planet, ants. Their business and success are\",\"breadcrumb\":{\"@id\":\"https:\\\/\\\/www.monetupasaulis.lt\\\/en\\\/product\\\/silver-coin-busy-ants-nature-architects-2-oz\\\/#breadcrumb\"},\"inLanguage\":\"en-US\",\"potentialAction\":[{\"@type\":\"ReadAction\",\"target\":[\"https:\\\/\\\/www.monetupasaulis.lt\\\/en\\\/product\\\/silver-coin-busy-ants-nature-architects-2-oz\\\/\"]}]},{\"@type\":\"ImageObject\",\"inLanguage\":\"en-US\",\"@id\":\"https:\\\/\\\/www.monetupasaulis.lt\\\/en\\\/product\\\/silver-coin-busy-ants-nature-architects-2-oz\\\/#primaryimage\",\"url\":\"https:\\\/\\\/www.monetupasaulis.lt\\\/wp-content\\\/uploads\\\/2022\\\/06\\\/Skruzdes_1.jpg\",\"contentUrl\":\"https:\\\/\\\/www.monetupasaulis.lt\\\/wp-content\\\/uploads\\\/2022\\\/06\\\/Skruzdes_1.jpg\",\"width\":600,\"height\":600},{\"@type\":\"BreadcrumbList\",\"@id\":\"https:\\\/\\\/www.monetupasaulis.lt\\\/en\\\/product\\\/silver-coin-busy-ants-nature-architects-2-oz\\\/#breadcrumb\",\"itemListElement\":[{\"@type\":\"ListItem\",\"position\":1,\"name\":\"GSP Investment\",\"item\":\"https:\\\/\\\/www.monetupasaulis.lt\\\/en\\\/\"},{\"@type\":\"ListItem\",\"position\":2,\"name\":\"Shop\",\"item\":\"https:\\\/\\\/www.monetupasaulis.lt\\\/en\\\/shop\\\/\"},{\"@type\":\"ListItem\",\"position\":3,\"name\":\"Silver coin &#8220;Busy Ants &#8211; Nature Architects\u201d 2 oz\"}]},{\"@type\":\"WebSite\",\"@id\":\"https:\\\/\\\/www.monetupasaulis.lt\\\/en\\\/#website\",\"url\":\"https:\\\/\\\/www.monetupasaulis.lt\\\/en\\\/\",\"name\":\"monetupasaulis.lt\",\"description\":\"Monetu pasaulis\",\"potentialAction\":[{\"@type\":\"SearchAction\",\"target\":{\"@type\":\"EntryPoint\",\"urlTemplate\":\"https:\\\/\\\/www.monetupasaulis.lt\\\/en\\\/?s={search_term_string}\"},\"query-input\":{\"@type\":\"PropertyValueSpecification\",\"valueRequired\":true,\"valueName\":\"search_term_string\"}}],\"inLanguage\":\"en-US\"}]}<\/script>\n<!-- \/ Yoast SEO plugin. -->","yoast_head_json":{"title":"Silver coin \"Busy Ants - Nature Architects\u201d 2 oz - monetupasaulis.lt","description":"Meet the coin with a succinct description of one of the most successful and busiest social animals on the planet, ants. Their business and success are","robots":{"index":"index","follow":"follow","max-snippet":"max-snippet:-1","max-image-preview":"max-image-preview:large","max-video-preview":"max-video-preview:-1"},"canonical":"https:\/\/www.monetupasaulis.lt\/en\/product\/silver-coin-busy-ants-nature-architects-2-oz\/","og_locale":"en_US","og_type":"article","og_title":"Silver coin \"Busy Ants - Nature Architects\u201d 2 oz - monetupasaulis.lt","og_description":"Meet the coin with a succinct description of one of the most successful and busiest social animals on the planet, ants. Their business and success are","og_url":"https:\/\/www.monetupasaulis.lt\/en\/product\/silver-coin-busy-ants-nature-architects-2-oz\/","og_site_name":"monetupasaulis.lt","article_modified_time":"2026-05-17T04:12:36+00:00","og_image":[{"width":600,"height":600,"url":"https:\/\/www.monetupasaulis.lt\/wp-content\/uploads\/2022\/06\/Skruzdes_1.jpg","type":"image\/jpeg"}],"twitter_card":"summary_large_image","twitter_misc":{"Est. reading time":"1 minute"},"schema":{"@context":"https:\/\/schema.org","@graph":[{"@type":"WebPage","@id":"https:\/\/www.monetupasaulis.lt\/en\/product\/silver-coin-busy-ants-nature-architects-2-oz\/","url":"https:\/\/www.monetupasaulis.lt\/en\/product\/silver-coin-busy-ants-nature-architects-2-oz\/","name":"Silver coin \"Busy Ants - Nature Architects\u201d 2 oz - monetupasaulis.lt","isPartOf":{"@id":"https:\/\/www.monetupasaulis.lt\/en\/#website"},"primaryImageOfPage":{"@id":"https:\/\/www.monetupasaulis.lt\/en\/product\/silver-coin-busy-ants-nature-architects-2-oz\/#primaryimage"},"image":{"@id":"https:\/\/www.monetupasaulis.lt\/en\/product\/silver-coin-busy-ants-nature-architects-2-oz\/#primaryimage"},"thumbnailUrl":"https:\/\/www.monetupasaulis.lt\/wp-content\/uploads\/2022\/06\/Skruzdes_1.jpg","datePublished":"2022-06-23T04:56:59+00:00","dateModified":"2026-05-17T04:12:36+00:00","description":"Meet the coin with a succinct description of one of the most successful and busiest social animals on the planet, ants. Their business and success are","breadcrumb":{"@id":"https:\/\/www.monetupasaulis.lt\/en\/product\/silver-coin-busy-ants-nature-architects-2-oz\/#breadcrumb"},"inLanguage":"en-US","potentialAction":[{"@type":"ReadAction","target":["https:\/\/www.monetupasaulis.lt\/en\/product\/silver-coin-busy-ants-nature-architects-2-oz\/"]}]},{"@type":"ImageObject","inLanguage":"en-US","@id":"https:\/\/www.monetupasaulis.lt\/en\/product\/silver-coin-busy-ants-nature-architects-2-oz\/#primaryimage","url":"https:\/\/www.monetupasaulis.lt\/wp-content\/uploads\/2022\/06\/Skruzdes_1.jpg","contentUrl":"https:\/\/www.monetupasaulis.lt\/wp-content\/uploads\/2022\/06\/Skruzdes_1.jpg","width":600,"height":600},{"@type":"BreadcrumbList","@id":"https:\/\/www.monetupasaulis.lt\/en\/product\/silver-coin-busy-ants-nature-architects-2-oz\/#breadcrumb","itemListElement":[{"@type":"ListItem","position":1,"name":"GSP Investment","item":"https:\/\/www.monetupasaulis.lt\/en\/"},{"@type":"ListItem","position":2,"name":"Shop","item":"https:\/\/www.monetupasaulis.lt\/en\/shop\/"},{"@type":"ListItem","position":3,"name":"Silver coin &#8220;Busy Ants &#8211; Nature Architects\u201d 2 oz"}]},{"@type":"WebSite","@id":"https:\/\/www.monetupasaulis.lt\/en\/#website","url":"https:\/\/www.monetupasaulis.lt\/en\/","name":"monetupasaulis.lt","description":"Monetu pasaulis","potentialAction":[{"@type":"SearchAction","target":{"@type":"EntryPoint","urlTemplate":"https:\/\/www.monetupasaulis.lt\/en\/?s={search_term_string}"},"query-input":{"@type":"PropertyValueSpecification","valueRequired":true,"valueName":"search_term_string"}}],"inLanguage":"en-US"}]}},"_links":{"self":[{"href":"https:\/\/www.monetupasaulis.lt\/en\/wp-json\/wp\/v2\/product\/10649","targetHints":{"allow":["GET"]}}],"collection":[{"href":"https:\/\/www.monetupasaulis.lt\/en\/wp-json\/wp\/v2\/product"}],"about":[{"href":"https:\/\/www.monetupasaulis.lt\/en\/wp-json\/wp\/v2\/types\/product"}],"wp:featuredmedia":[{"embeddable":true,"href":"https:\/\/www.monetupasaulis.lt\/en\/wp-json\/wp\/v2\/media\/6375"}],"wp:attachment":[{"href":"https:\/\/www.monetupasaulis.lt\/en\/wp-json\/wp\/v2\/media?parent=10649"}],"wp:term":[{"taxonomy":"product_brand","embeddable":true,"href":"https:\/\/www.monetupasaulis.lt\/en\/wp-json\/wp\/v2\/product_brand?post=10649"},{"taxonomy":"product_cat","embeddable":true,"href":"https:\/\/www.monetupasaulis.lt\/en\/wp-json\/wp\/v2\/product_cat?post=10649"},{"taxonomy":"product_tag","embeddable":true,"href":"https:\/\/www.monetupasaulis.lt\/en\/wp-json\/wp\/v2\/product_tag?post=10649"}],"curies":[{"name":"wp","href":"https:\/\/api.w.org\/{rel}","templated":true}]}}