{"id":10674,"date":"2021-02-28T13:41:55","date_gmt":"2021-02-28T13:41:55","guid":{"rendered":"https:\/\/www.monetupasaulis.lt\/product\/sidabrine-moneta-krepsinio-sloves-muziejus\/"},"modified":"2026-05-16T06:56:43","modified_gmt":"2026-05-16T03:56:43","slug":"silver-coin-basketball-hall-of-fame-26-73-g-usa","status":"publish","type":"product","link":"https:\/\/www.monetupasaulis.lt\/en\/product\/silver-coin-basketball-hall-of-fame-26-73-g-usa\/","title":{"rendered":"Silver coin &#8220;Basketball Hall of Fame, 26.73 g, USA"},"content":{"rendered":"<div class=\"character-count tlid-character-count\">The game of basketball has excited players and fans for more than 125 years. This fast-paced game was invented on December 21, 1891, by Dr. James Naismith. From its humble roots in a gymnasium, the game has grown into a global phenomenon, embraced by players and fans around the world. Today, the Naismith Memorial Basketball Hall of Fame carries on Naismith\u2019s vision for his game of \u201cbasket ball.\u201d<\/p>\n<p>All of the coins in this three-coin program (gold $5 coin, silver dollar, and clad half dollar) share common designs and are curved. Celebrate the game and the 60th anniversary of the Naismith Memorial Basketball Hall of Fame with the purchase of a Basketball Hall of Fame Uncirculated Silver Dollar Coin for your own collection, a special player, or dedicated fan.<\/p><\/div>\n<div>\u00a0<\/div>\n<div>\u00a0<\/div>\n<div>\n<p><iframe title=\"Sidabrin\u0117 moneta \u201eKrep\u0161inio \u0161lov\u0117s muziejus\u201d\" width=\"500\" height=\"375\" src=\"https:\/\/www.youtube.com\/embed\/dWuoIYM-kVU?feature=oembed\" frameborder=\"0\" allow=\"accelerometer; autoplay; clipboard-write; encrypted-media; gyroscope; picture-in-picture; web-share\" referrerpolicy=\"strict-origin-when-cross-origin\" allowfullscreen><\/iframe><\/p>\n<\/div>\n","protected":false},"excerpt":{"rendered":"<ul style=\"list-style-type: square;\">\n<li>Metal: silver 999<\/li>\n<li>Mintage: 400000\u00a0 pcs<\/li>\n<li>Weight: 26,73 g<\/li>\n<li>Diameter: 38,1 mm<\/li>\n<li>Quality: proof<\/li>\n<li>Face value: 1 dollar<\/li>\n<li>Country: USA, Philadelphia Mint<\/li>\n<li>Package: capsule, box<\/li>\n<li>Certificate: yes<\/li>\n<li>Year of issue: 2020<\/li>\n<\/ul>\n<p>&nbsp;<\/p>\n","protected":false},"featured_media":2039,"template":"","meta":{"_acf_changed":false},"product_brand":[],"product_cat":[546,274,269,267,268,348,326,540],"product_tag":[444],"class_list":{"0":"post-10674","1":"product","2":"type-product","3":"status-publish","4":"has-post-thumbnail","6":"product_cat-below-1-oz","7":"product_cat-pagal-valstybe-en","8":"product_cat-by-theme","9":"product_cat-silver","10":"product_cat-silver-coins","11":"product_cat-sport","12":"product_cat-usa","13":"product_cat-weight-range","14":"product_tag-basketball","15":"product_shipping_class-nemokamo-pristatymo-klase-en","17":"first","18":"outofstock","19":"taxable","20":"shipping-taxable","21":"purchasable","22":"product-type-simple"},"acf":[],"yoast_head":"<!-- This site is optimized with the Yoast SEO plugin v27.6 - https:\/\/yoast.com\/product\/yoast-seo-wordpress\/ -->\n<title>Silver coin &quot;Basketball Hall of Fame, 26.73 g, USA - monetupasaulis.lt<\/title>\n<meta name=\"description\" content=\"All of the coins in this three-coin program (gold $5 coin, silver dollar, and clad half dollar) share common designs and are curved.\" \/>\n<meta name=\"robots\" content=\"index, follow, max-snippet:-1, max-image-preview:large, max-video-preview:-1\" \/>\n<link rel=\"canonical\" href=\"https:\/\/www.monetupasaulis.lt\/en\/product\/silver-coin-basketball-hall-of-fame-26-73-g-usa\/\" \/>\n<meta property=\"og:locale\" content=\"en_US\" \/>\n<meta property=\"og:type\" content=\"article\" \/>\n<meta property=\"og:title\" content=\"Silver coin &quot;Basketball Hall of Fame, 26.73 g, USA - monetupasaulis.lt\" \/>\n<meta property=\"og:description\" content=\"All of the coins in this three-coin program (gold $5 coin, silver dollar, and clad half dollar) share common designs and are curved.\" \/>\n<meta property=\"og:url\" content=\"https:\/\/www.monetupasaulis.lt\/en\/product\/silver-coin-basketball-hall-of-fame-26-73-g-usa\/\" \/>\n<meta property=\"og:site_name\" content=\"monetupasaulis.lt\" \/>\n<meta property=\"article:modified_time\" content=\"2026-05-16T03:56:43+00:00\" \/>\n<meta property=\"og:image\" content=\"https:\/\/www.monetupasaulis.lt\/wp-content\/uploads\/2021\/02\/Krepsinio-sloves-muziejus_AG1.jpg\" \/>\n\t<meta property=\"og:image:width\" content=\"600\" \/>\n\t<meta property=\"og:image:height\" content=\"600\" \/>\n\t<meta property=\"og:image:type\" content=\"image\/jpeg\" \/>\n<meta name=\"twitter:card\" content=\"summary_large_image\" \/>\n<meta name=\"twitter:label1\" content=\"Est. reading time\" \/>\n\t<meta name=\"twitter:data1\" content=\"1 minute\" \/>\n<script type=\"application\/ld+json\" class=\"yoast-schema-graph\">{\"@context\":\"https:\\\/\\\/schema.org\",\"@graph\":[{\"@type\":\"WebPage\",\"@id\":\"https:\\\/\\\/www.monetupasaulis.lt\\\/en\\\/product\\\/silver-coin-basketball-hall-of-fame-26-73-g-usa\\\/\",\"url\":\"https:\\\/\\\/www.monetupasaulis.lt\\\/en\\\/product\\\/silver-coin-basketball-hall-of-fame-26-73-g-usa\\\/\",\"name\":\"Silver coin \\\"Basketball Hall of Fame, 26.73 g, USA - monetupasaulis.lt\",\"isPartOf\":{\"@id\":\"https:\\\/\\\/www.monetupasaulis.lt\\\/en\\\/#website\"},\"primaryImageOfPage\":{\"@id\":\"https:\\\/\\\/www.monetupasaulis.lt\\\/en\\\/product\\\/silver-coin-basketball-hall-of-fame-26-73-g-usa\\\/#primaryimage\"},\"image\":{\"@id\":\"https:\\\/\\\/www.monetupasaulis.lt\\\/en\\\/product\\\/silver-coin-basketball-hall-of-fame-26-73-g-usa\\\/#primaryimage\"},\"thumbnailUrl\":\"https:\\\/\\\/www.monetupasaulis.lt\\\/wp-content\\\/uploads\\\/2021\\\/02\\\/Krepsinio-sloves-muziejus_AG1.jpg\",\"datePublished\":\"2021-02-28T13:41:55+00:00\",\"dateModified\":\"2026-05-16T03:56:43+00:00\",\"description\":\"All of the coins in this three-coin program (gold $5 coin, silver dollar, and clad half dollar) share common designs and are curved.\",\"breadcrumb\":{\"@id\":\"https:\\\/\\\/www.monetupasaulis.lt\\\/en\\\/product\\\/silver-coin-basketball-hall-of-fame-26-73-g-usa\\\/#breadcrumb\"},\"inLanguage\":\"en-US\",\"potentialAction\":[{\"@type\":\"ReadAction\",\"target\":[\"https:\\\/\\\/www.monetupasaulis.lt\\\/en\\\/product\\\/silver-coin-basketball-hall-of-fame-26-73-g-usa\\\/\"]}]},{\"@type\":\"ImageObject\",\"inLanguage\":\"en-US\",\"@id\":\"https:\\\/\\\/www.monetupasaulis.lt\\\/en\\\/product\\\/silver-coin-basketball-hall-of-fame-26-73-g-usa\\\/#primaryimage\",\"url\":\"https:\\\/\\\/www.monetupasaulis.lt\\\/wp-content\\\/uploads\\\/2021\\\/02\\\/Krepsinio-sloves-muziejus_AG1.jpg\",\"contentUrl\":\"https:\\\/\\\/www.monetupasaulis.lt\\\/wp-content\\\/uploads\\\/2021\\\/02\\\/Krepsinio-sloves-muziejus_AG1.jpg\",\"width\":600,\"height\":600},{\"@type\":\"BreadcrumbList\",\"@id\":\"https:\\\/\\\/www.monetupasaulis.lt\\\/en\\\/product\\\/silver-coin-basketball-hall-of-fame-26-73-g-usa\\\/#breadcrumb\",\"itemListElement\":[{\"@type\":\"ListItem\",\"position\":1,\"name\":\"GSP Investment\",\"item\":\"https:\\\/\\\/www.monetupasaulis.lt\\\/en\\\/\"},{\"@type\":\"ListItem\",\"position\":2,\"name\":\"Shop\",\"item\":\"https:\\\/\\\/www.monetupasaulis.lt\\\/en\\\/shop\\\/\"},{\"@type\":\"ListItem\",\"position\":3,\"name\":\"Silver coin &#8220;Basketball Hall of Fame, 26.73 g, USA\"}]},{\"@type\":\"WebSite\",\"@id\":\"https:\\\/\\\/www.monetupasaulis.lt\\\/en\\\/#website\",\"url\":\"https:\\\/\\\/www.monetupasaulis.lt\\\/en\\\/\",\"name\":\"monetupasaulis.lt\",\"description\":\"Monetu pasaulis\",\"potentialAction\":[{\"@type\":\"SearchAction\",\"target\":{\"@type\":\"EntryPoint\",\"urlTemplate\":\"https:\\\/\\\/www.monetupasaulis.lt\\\/en\\\/?s={search_term_string}\"},\"query-input\":{\"@type\":\"PropertyValueSpecification\",\"valueRequired\":true,\"valueName\":\"search_term_string\"}}],\"inLanguage\":\"en-US\"}]}<\/script>\n<!-- \/ Yoast SEO plugin. -->","yoast_head_json":{"title":"Silver coin \"Basketball Hall of Fame, 26.73 g, USA - monetupasaulis.lt","description":"All of the coins in this three-coin program (gold $5 coin, silver dollar, and clad half dollar) share common designs and are curved.","robots":{"index":"index","follow":"follow","max-snippet":"max-snippet:-1","max-image-preview":"max-image-preview:large","max-video-preview":"max-video-preview:-1"},"canonical":"https:\/\/www.monetupasaulis.lt\/en\/product\/silver-coin-basketball-hall-of-fame-26-73-g-usa\/","og_locale":"en_US","og_type":"article","og_title":"Silver coin \"Basketball Hall of Fame, 26.73 g, USA - monetupasaulis.lt","og_description":"All of the coins in this three-coin program (gold $5 coin, silver dollar, and clad half dollar) share common designs and are curved.","og_url":"https:\/\/www.monetupasaulis.lt\/en\/product\/silver-coin-basketball-hall-of-fame-26-73-g-usa\/","og_site_name":"monetupasaulis.lt","article_modified_time":"2026-05-16T03:56:43+00:00","og_image":[{"width":600,"height":600,"url":"https:\/\/www.monetupasaulis.lt\/wp-content\/uploads\/2021\/02\/Krepsinio-sloves-muziejus_AG1.jpg","type":"image\/jpeg"}],"twitter_card":"summary_large_image","twitter_misc":{"Est. reading time":"1 minute"},"schema":{"@context":"https:\/\/schema.org","@graph":[{"@type":"WebPage","@id":"https:\/\/www.monetupasaulis.lt\/en\/product\/silver-coin-basketball-hall-of-fame-26-73-g-usa\/","url":"https:\/\/www.monetupasaulis.lt\/en\/product\/silver-coin-basketball-hall-of-fame-26-73-g-usa\/","name":"Silver coin \"Basketball Hall of Fame, 26.73 g, USA - monetupasaulis.lt","isPartOf":{"@id":"https:\/\/www.monetupasaulis.lt\/en\/#website"},"primaryImageOfPage":{"@id":"https:\/\/www.monetupasaulis.lt\/en\/product\/silver-coin-basketball-hall-of-fame-26-73-g-usa\/#primaryimage"},"image":{"@id":"https:\/\/www.monetupasaulis.lt\/en\/product\/silver-coin-basketball-hall-of-fame-26-73-g-usa\/#primaryimage"},"thumbnailUrl":"https:\/\/www.monetupasaulis.lt\/wp-content\/uploads\/2021\/02\/Krepsinio-sloves-muziejus_AG1.jpg","datePublished":"2021-02-28T13:41:55+00:00","dateModified":"2026-05-16T03:56:43+00:00","description":"All of the coins in this three-coin program (gold $5 coin, silver dollar, and clad half dollar) share common designs and are curved.","breadcrumb":{"@id":"https:\/\/www.monetupasaulis.lt\/en\/product\/silver-coin-basketball-hall-of-fame-26-73-g-usa\/#breadcrumb"},"inLanguage":"en-US","potentialAction":[{"@type":"ReadAction","target":["https:\/\/www.monetupasaulis.lt\/en\/product\/silver-coin-basketball-hall-of-fame-26-73-g-usa\/"]}]},{"@type":"ImageObject","inLanguage":"en-US","@id":"https:\/\/www.monetupasaulis.lt\/en\/product\/silver-coin-basketball-hall-of-fame-26-73-g-usa\/#primaryimage","url":"https:\/\/www.monetupasaulis.lt\/wp-content\/uploads\/2021\/02\/Krepsinio-sloves-muziejus_AG1.jpg","contentUrl":"https:\/\/www.monetupasaulis.lt\/wp-content\/uploads\/2021\/02\/Krepsinio-sloves-muziejus_AG1.jpg","width":600,"height":600},{"@type":"BreadcrumbList","@id":"https:\/\/www.monetupasaulis.lt\/en\/product\/silver-coin-basketball-hall-of-fame-26-73-g-usa\/#breadcrumb","itemListElement":[{"@type":"ListItem","position":1,"name":"GSP Investment","item":"https:\/\/www.monetupasaulis.lt\/en\/"},{"@type":"ListItem","position":2,"name":"Shop","item":"https:\/\/www.monetupasaulis.lt\/en\/shop\/"},{"@type":"ListItem","position":3,"name":"Silver coin &#8220;Basketball Hall of Fame, 26.73 g, USA"}]},{"@type":"WebSite","@id":"https:\/\/www.monetupasaulis.lt\/en\/#website","url":"https:\/\/www.monetupasaulis.lt\/en\/","name":"monetupasaulis.lt","description":"Monetu pasaulis","potentialAction":[{"@type":"SearchAction","target":{"@type":"EntryPoint","urlTemplate":"https:\/\/www.monetupasaulis.lt\/en\/?s={search_term_string}"},"query-input":{"@type":"PropertyValueSpecification","valueRequired":true,"valueName":"search_term_string"}}],"inLanguage":"en-US"}]}},"_links":{"self":[{"href":"https:\/\/www.monetupasaulis.lt\/en\/wp-json\/wp\/v2\/product\/10674","targetHints":{"allow":["GET"]}}],"collection":[{"href":"https:\/\/www.monetupasaulis.lt\/en\/wp-json\/wp\/v2\/product"}],"about":[{"href":"https:\/\/www.monetupasaulis.lt\/en\/wp-json\/wp\/v2\/types\/product"}],"wp:featuredmedia":[{"embeddable":true,"href":"https:\/\/www.monetupasaulis.lt\/en\/wp-json\/wp\/v2\/media\/2039"}],"wp:attachment":[{"href":"https:\/\/www.monetupasaulis.lt\/en\/wp-json\/wp\/v2\/media?parent=10674"}],"wp:term":[{"taxonomy":"product_brand","embeddable":true,"href":"https:\/\/www.monetupasaulis.lt\/en\/wp-json\/wp\/v2\/product_brand?post=10674"},{"taxonomy":"product_cat","embeddable":true,"href":"https:\/\/www.monetupasaulis.lt\/en\/wp-json\/wp\/v2\/product_cat?post=10674"},{"taxonomy":"product_tag","embeddable":true,"href":"https:\/\/www.monetupasaulis.lt\/en\/wp-json\/wp\/v2\/product_tag?post=10674"}],"curies":[{"name":"wp","href":"https:\/\/api.w.org\/{rel}","templated":true}]}}