{"id":10689,"date":"2021-07-23T13:13:11","date_gmt":"2021-07-23T13:13:11","guid":{"rendered":"https:\/\/www.monetupasaulis.lt\/product\/sidabrine-moneta-mozaika\/"},"modified":"2026-05-16T11:45:21","modified_gmt":"2026-05-16T08:45:21","slug":"silver-coin-mosaic-2-oz","status":"publish","type":"product","link":"https:\/\/www.monetupasaulis.lt\/en\/product\/silver-coin-mosaic-2-oz\/","title":{"rendered":"Silver coin &#8220;MOSAIC&#8221; 2 oz"},"content":{"rendered":"<p>The art of mosaic is often associated with the classics and traditional artworks. After all, homes and gardens have been decorated with this type of art for centuries! However, the traditional way of expression may embrace innovative ideas and a sense of modern style, art dominated by unconsciousness.<\/p>\n<p>The Mosaic silver coin is a work of art in which the mosaic shines with new and unexpected shades.<\/p>\n<p>The contemporary artistic solution applied to the Mosaic coin encourages to exercise one\u2019s personal and creative freedom, to be bold in style choices and to incorporate abstract, stylised or even photorealistic art into own decor.<\/p>\n<p>The reverse of the \u2018Mosaic\u2019 coin depicts two symbols made up of small decorative elements. The first is perhaps the best-known surrealist artist who became the symbol of surrealism itself. The second is a traditional Greek geometric ornament \u2013 a meander (Greek: \u03bc\u03b1\u03af\u03b1\u03bd\u03b4\u03c1\u03bf\u03c2, meandros \u2013 a curve or a bend), which symbolizes eternity, unity, and harmony. This pattern is like a link that connects individual pieces of a puzzle into an aesthetic whole.<\/p>\n<p>The portrait of Her Majesty Queen Elizabeth II, surrounded by fine mosaic details, is proudly in the centre of the obverse.<\/p>\n<p>&nbsp;<\/p>\n<p><iframe title=\"MOSAIC - 2021 Lithuanian Mint 2oz silver coin\" width=\"500\" height=\"281\" src=\"https:\/\/www.youtube.com\/embed\/CVywAvZ8I-Y?feature=oembed\" frameborder=\"0\" allow=\"accelerometer; autoplay; clipboard-write; encrypted-media; gyroscope; picture-in-picture; web-share\" referrerpolicy=\"strict-origin-when-cross-origin\" allowfullscreen><\/iframe><\/p>\n<p>centre puikuojasi Jos Didenyb\u0117s karalien\u0117s El\u017ebietos II portretas, kur\u012f supa smulkios mozaikos detal\u0117s.<\/p>\n","protected":false},"excerpt":{"rendered":"<ul style=\"list-style-type: square;\">\n<li>Metal: silver 999<\/li>\n<li>Mintage: 500 pcs<\/li>\n<li>Weight: 62,20 g<\/li>\n<li>Diameter: 50\u00a0 mm<\/li>\n<li>Quality: antique finish<\/li>\n<li>Face value: 2 dollars<\/li>\n<li>Country: Niue<\/li>\n<li>Package: capsule, box<\/li>\n<li>Technologies: Digital printing<\/li>\n<li>Package: yes<\/li>\n<li>Year of issue: 2021<\/li>\n<li>Minted at: Lithuanian Mint<\/li>\n<\/ul>\n<p>&nbsp;<\/p>\n","protected":false},"featured_media":3991,"template":"","meta":{"_acf_changed":false},"product_brand":[],"product_cat":[539,345,273,335,274,269,523,272,321,315,267,268],"product_tag":[],"class_list":{"0":"post-10689","1":"product","2":"type-product","3":"status-publish","4":"has-post-thumbnail","6":"product_cat-2-oz-monetos-en","7":"product_cat-art","8":"product_cat-gimtadieniai-en","9":"product_cat-business","10":"product_cat-pagal-valstybe-en","11":"product_cat-by-theme","12":"product_cat-events-history-and-personalities","13":"product_cat-dovanu-idejos-en","14":"product_cat-lithuania","15":"product_cat-niue","16":"product_cat-silver","17":"product_cat-silver-coins","18":"product_shipping_class-nemokamo-pristatymo-klase-en","20":"first","21":"instock","22":"taxable","23":"shipping-taxable","24":"purchasable","25":"product-type-simple"},"acf":[],"yoast_head":"<!-- This site is optimized with the Yoast SEO plugin v27.6 - https:\/\/yoast.com\/product\/yoast-seo-wordpress\/ -->\n<title>Silver coin &quot;MOSAIC&quot; 2 oz - monetupasaulis.lt<\/title>\n<meta name=\"description\" content=\"The reverse of the \u2018Mosaic\u2019 coin depicts two symbols made up of small decorative elements. The first is perhaps the best-known surrealist artist\" \/>\n<meta name=\"robots\" content=\"index, follow, max-snippet:-1, max-image-preview:large, max-video-preview:-1\" \/>\n<link rel=\"canonical\" href=\"https:\/\/www.monetupasaulis.lt\/en\/product\/silver-coin-mosaic-2-oz\/\" \/>\n<meta property=\"og:locale\" content=\"en_US\" \/>\n<meta property=\"og:type\" content=\"article\" \/>\n<meta property=\"og:title\" content=\"Silver coin &quot;MOSAIC&quot; 2 oz - monetupasaulis.lt\" \/>\n<meta property=\"og:description\" content=\"The reverse of the \u2018Mosaic\u2019 coin depicts two symbols made up of small decorative elements. The first is perhaps the best-known surrealist artist\" \/>\n<meta property=\"og:url\" content=\"https:\/\/www.monetupasaulis.lt\/en\/product\/silver-coin-mosaic-2-oz\/\" \/>\n<meta property=\"og:site_name\" content=\"monetupasaulis.lt\" \/>\n<meta property=\"article:modified_time\" content=\"2026-05-16T08:45:21+00:00\" \/>\n<meta property=\"og:image\" content=\"https:\/\/www.monetupasaulis.lt\/wp-content\/uploads\/2021\/07\/Mozaika-I.jpg\" \/>\n\t<meta property=\"og:image:width\" content=\"1000\" \/>\n\t<meta property=\"og:image:height\" content=\"1000\" \/>\n\t<meta property=\"og:image:type\" content=\"image\/jpeg\" \/>\n<meta name=\"twitter:card\" content=\"summary_large_image\" \/>\n<meta name=\"twitter:label1\" content=\"Est. reading time\" \/>\n\t<meta name=\"twitter:data1\" content=\"2 minutes\" \/>\n<script type=\"application\/ld+json\" class=\"yoast-schema-graph\">{\"@context\":\"https:\\\/\\\/schema.org\",\"@graph\":[{\"@type\":\"WebPage\",\"@id\":\"https:\\\/\\\/www.monetupasaulis.lt\\\/en\\\/product\\\/silver-coin-mosaic-2-oz\\\/\",\"url\":\"https:\\\/\\\/www.monetupasaulis.lt\\\/en\\\/product\\\/silver-coin-mosaic-2-oz\\\/\",\"name\":\"Silver coin \\\"MOSAIC\\\" 2 oz - monetupasaulis.lt\",\"isPartOf\":{\"@id\":\"https:\\\/\\\/www.monetupasaulis.lt\\\/en\\\/#website\"},\"primaryImageOfPage\":{\"@id\":\"https:\\\/\\\/www.monetupasaulis.lt\\\/en\\\/product\\\/silver-coin-mosaic-2-oz\\\/#primaryimage\"},\"image\":{\"@id\":\"https:\\\/\\\/www.monetupasaulis.lt\\\/en\\\/product\\\/silver-coin-mosaic-2-oz\\\/#primaryimage\"},\"thumbnailUrl\":\"https:\\\/\\\/www.monetupasaulis.lt\\\/wp-content\\\/uploads\\\/2021\\\/07\\\/Mozaika-I.jpg\",\"datePublished\":\"2021-07-23T13:13:11+00:00\",\"dateModified\":\"2026-05-16T08:45:21+00:00\",\"description\":\"The reverse of the \u2018Mosaic\u2019 coin depicts two symbols made up of small decorative elements. The first is perhaps the best-known surrealist artist\",\"breadcrumb\":{\"@id\":\"https:\\\/\\\/www.monetupasaulis.lt\\\/en\\\/product\\\/silver-coin-mosaic-2-oz\\\/#breadcrumb\"},\"inLanguage\":\"en-US\",\"potentialAction\":[{\"@type\":\"ReadAction\",\"target\":[\"https:\\\/\\\/www.monetupasaulis.lt\\\/en\\\/product\\\/silver-coin-mosaic-2-oz\\\/\"]}]},{\"@type\":\"ImageObject\",\"inLanguage\":\"en-US\",\"@id\":\"https:\\\/\\\/www.monetupasaulis.lt\\\/en\\\/product\\\/silver-coin-mosaic-2-oz\\\/#primaryimage\",\"url\":\"https:\\\/\\\/www.monetupasaulis.lt\\\/wp-content\\\/uploads\\\/2021\\\/07\\\/Mozaika-I.jpg\",\"contentUrl\":\"https:\\\/\\\/www.monetupasaulis.lt\\\/wp-content\\\/uploads\\\/2021\\\/07\\\/Mozaika-I.jpg\",\"width\":1000,\"height\":1000},{\"@type\":\"BreadcrumbList\",\"@id\":\"https:\\\/\\\/www.monetupasaulis.lt\\\/en\\\/product\\\/silver-coin-mosaic-2-oz\\\/#breadcrumb\",\"itemListElement\":[{\"@type\":\"ListItem\",\"position\":1,\"name\":\"GSP Investment\",\"item\":\"https:\\\/\\\/www.monetupasaulis.lt\\\/en\\\/\"},{\"@type\":\"ListItem\",\"position\":2,\"name\":\"Shop\",\"item\":\"https:\\\/\\\/www.monetupasaulis.lt\\\/en\\\/shop\\\/\"},{\"@type\":\"ListItem\",\"position\":3,\"name\":\"Silver coin &#8220;MOSAIC&#8221; 2 oz\"}]},{\"@type\":\"WebSite\",\"@id\":\"https:\\\/\\\/www.monetupasaulis.lt\\\/en\\\/#website\",\"url\":\"https:\\\/\\\/www.monetupasaulis.lt\\\/en\\\/\",\"name\":\"monetupasaulis.lt\",\"description\":\"Monetu pasaulis\",\"potentialAction\":[{\"@type\":\"SearchAction\",\"target\":{\"@type\":\"EntryPoint\",\"urlTemplate\":\"https:\\\/\\\/www.monetupasaulis.lt\\\/en\\\/?s={search_term_string}\"},\"query-input\":{\"@type\":\"PropertyValueSpecification\",\"valueRequired\":true,\"valueName\":\"search_term_string\"}}],\"inLanguage\":\"en-US\"}]}<\/script>\n<!-- \/ Yoast SEO plugin. -->","yoast_head_json":{"title":"Silver coin \"MOSAIC\" 2 oz - monetupasaulis.lt","description":"The reverse of the \u2018Mosaic\u2019 coin depicts two symbols made up of small decorative elements. The first is perhaps the best-known surrealist artist","robots":{"index":"index","follow":"follow","max-snippet":"max-snippet:-1","max-image-preview":"max-image-preview:large","max-video-preview":"max-video-preview:-1"},"canonical":"https:\/\/www.monetupasaulis.lt\/en\/product\/silver-coin-mosaic-2-oz\/","og_locale":"en_US","og_type":"article","og_title":"Silver coin \"MOSAIC\" 2 oz - monetupasaulis.lt","og_description":"The reverse of the \u2018Mosaic\u2019 coin depicts two symbols made up of small decorative elements. The first is perhaps the best-known surrealist artist","og_url":"https:\/\/www.monetupasaulis.lt\/en\/product\/silver-coin-mosaic-2-oz\/","og_site_name":"monetupasaulis.lt","article_modified_time":"2026-05-16T08:45:21+00:00","og_image":[{"width":1000,"height":1000,"url":"https:\/\/www.monetupasaulis.lt\/wp-content\/uploads\/2021\/07\/Mozaika-I.jpg","type":"image\/jpeg"}],"twitter_card":"summary_large_image","twitter_misc":{"Est. reading time":"2 minutes"},"schema":{"@context":"https:\/\/schema.org","@graph":[{"@type":"WebPage","@id":"https:\/\/www.monetupasaulis.lt\/en\/product\/silver-coin-mosaic-2-oz\/","url":"https:\/\/www.monetupasaulis.lt\/en\/product\/silver-coin-mosaic-2-oz\/","name":"Silver coin \"MOSAIC\" 2 oz - monetupasaulis.lt","isPartOf":{"@id":"https:\/\/www.monetupasaulis.lt\/en\/#website"},"primaryImageOfPage":{"@id":"https:\/\/www.monetupasaulis.lt\/en\/product\/silver-coin-mosaic-2-oz\/#primaryimage"},"image":{"@id":"https:\/\/www.monetupasaulis.lt\/en\/product\/silver-coin-mosaic-2-oz\/#primaryimage"},"thumbnailUrl":"https:\/\/www.monetupasaulis.lt\/wp-content\/uploads\/2021\/07\/Mozaika-I.jpg","datePublished":"2021-07-23T13:13:11+00:00","dateModified":"2026-05-16T08:45:21+00:00","description":"The reverse of the \u2018Mosaic\u2019 coin depicts two symbols made up of small decorative elements. The first is perhaps the best-known surrealist artist","breadcrumb":{"@id":"https:\/\/www.monetupasaulis.lt\/en\/product\/silver-coin-mosaic-2-oz\/#breadcrumb"},"inLanguage":"en-US","potentialAction":[{"@type":"ReadAction","target":["https:\/\/www.monetupasaulis.lt\/en\/product\/silver-coin-mosaic-2-oz\/"]}]},{"@type":"ImageObject","inLanguage":"en-US","@id":"https:\/\/www.monetupasaulis.lt\/en\/product\/silver-coin-mosaic-2-oz\/#primaryimage","url":"https:\/\/www.monetupasaulis.lt\/wp-content\/uploads\/2021\/07\/Mozaika-I.jpg","contentUrl":"https:\/\/www.monetupasaulis.lt\/wp-content\/uploads\/2021\/07\/Mozaika-I.jpg","width":1000,"height":1000},{"@type":"BreadcrumbList","@id":"https:\/\/www.monetupasaulis.lt\/en\/product\/silver-coin-mosaic-2-oz\/#breadcrumb","itemListElement":[{"@type":"ListItem","position":1,"name":"GSP Investment","item":"https:\/\/www.monetupasaulis.lt\/en\/"},{"@type":"ListItem","position":2,"name":"Shop","item":"https:\/\/www.monetupasaulis.lt\/en\/shop\/"},{"@type":"ListItem","position":3,"name":"Silver coin &#8220;MOSAIC&#8221; 2 oz"}]},{"@type":"WebSite","@id":"https:\/\/www.monetupasaulis.lt\/en\/#website","url":"https:\/\/www.monetupasaulis.lt\/en\/","name":"monetupasaulis.lt","description":"Monetu pasaulis","potentialAction":[{"@type":"SearchAction","target":{"@type":"EntryPoint","urlTemplate":"https:\/\/www.monetupasaulis.lt\/en\/?s={search_term_string}"},"query-input":{"@type":"PropertyValueSpecification","valueRequired":true,"valueName":"search_term_string"}}],"inLanguage":"en-US"}]}},"_links":{"self":[{"href":"https:\/\/www.monetupasaulis.lt\/en\/wp-json\/wp\/v2\/product\/10689","targetHints":{"allow":["GET"]}}],"collection":[{"href":"https:\/\/www.monetupasaulis.lt\/en\/wp-json\/wp\/v2\/product"}],"about":[{"href":"https:\/\/www.monetupasaulis.lt\/en\/wp-json\/wp\/v2\/types\/product"}],"wp:featuredmedia":[{"embeddable":true,"href":"https:\/\/www.monetupasaulis.lt\/en\/wp-json\/wp\/v2\/media\/3991"}],"wp:attachment":[{"href":"https:\/\/www.monetupasaulis.lt\/en\/wp-json\/wp\/v2\/media?parent=10689"}],"wp:term":[{"taxonomy":"product_brand","embeddable":true,"href":"https:\/\/www.monetupasaulis.lt\/en\/wp-json\/wp\/v2\/product_brand?post=10689"},{"taxonomy":"product_cat","embeddable":true,"href":"https:\/\/www.monetupasaulis.lt\/en\/wp-json\/wp\/v2\/product_cat?post=10689"},{"taxonomy":"product_tag","embeddable":true,"href":"https:\/\/www.monetupasaulis.lt\/en\/wp-json\/wp\/v2\/product_tag?post=10689"}],"curies":[{"name":"wp","href":"https:\/\/api.w.org\/{rel}","templated":true}]}}