{"id":10712,"date":"2021-02-21T20:10:16","date_gmt":"2021-02-21T20:10:16","guid":{"rendered":"https:\/\/www.monetupasaulis.lt\/product\/sidabrine-moneta-buk-pasveikintas-atejes-i-pasauli-2021-1587-g\/"},"modified":"2026-05-16T17:04:15","modified_gmt":"2026-05-16T14:04:15","slug":"sidabrine-moneta-buk-pasveikintas-atejes-i-pasauli-2021-1587-g","status":"publish","type":"product","link":"https:\/\/www.monetupasaulis.lt\/en\/product\/sidabrine-moneta-buk-pasveikintas-atejes-i-pasauli-2021-1587-g\/","title":{"rendered":"Silver coin \u201cWelcome to the World 2021\u201d"},"content":{"rendered":"<p>Babies\u2019 little feet barely touch the ground during their first, priceless months. As they wiggle and curl in delight, they are carried and coddled, tickled, and kissed. Few things make one\u2019s heart sing like watching small feet wildly kick the air.<\/p>\n<p>The obverse features the effigy of Queen Elizabeth II by Susanna Blunt. The obverse also bears a special marking that includes four pearls symbolizing the four effigies that have graced Canadian coins and the double date of her reign.<\/p>\n<p>&nbsp;<\/p>\n<p><iframe title=\"Sidabrin\u0117 moneta \u201cB\u016bk pasveikintas at\u0117j\u0119s \u012f pasaul\u012f 2021\u201d\" width=\"500\" height=\"281\" src=\"https:\/\/www.youtube.com\/embed\/3GTL2cf9fbY?feature=oembed\" frameborder=\"0\" allow=\"accelerometer; autoplay; clipboard-write; encrypted-media; gyroscope; picture-in-picture; web-share\" referrerpolicy=\"strict-origin-when-cross-origin\" allowfullscreen><\/iframe><\/p>\n","protected":false},"excerpt":{"rendered":"<ul style=\"list-style-type: square;\">\n<li>Metal: silver 999<\/li>\n<li>Weight: 15,87 gr<\/li>\n<li>Diameter: 34 mm<\/li>\n<li>Face value: 10 CAD<\/li>\n<li>Quality: proof\u00a0<\/li>\n<li>Country: Canada<\/li>\n<li>Minted at: Royal Canadian Mint<\/li>\n<li>Year of issue: 2021<\/li>\n<li>Mintage: 25000 pcs<\/li>\n<li>Package: capsule, box, certificate<\/li>\n<\/ul>\n<p>&nbsp;<\/p>\n","protected":false},"featured_media":948,"template":"","meta":{"_acf_changed":false},"product_brand":[],"product_cat":[546,334,349,273,274,269,325,332,272,267,268,540],"product_tag":[],"class_list":{"0":"post-10712","1":"product","2":"type-product","3":"status-publish","4":"has-post-thumbnail","6":"product_cat-below-1-oz","7":"product_cat-birth-of-a-child","8":"product_cat-birth-of-a-child-en","9":"product_cat-gimtadieniai-en","10":"product_cat-pagal-valstybe-en","11":"product_cat-by-theme","12":"product_cat-canada","13":"product_cat-christening","14":"product_cat-dovanu-idejos-en","15":"product_cat-silver","16":"product_cat-silver-coins","17":"product_cat-weight-range","18":"product_shipping_class-nemokamo-pristatymo-klase-en","20":"first","21":"instock","22":"taxable","23":"shipping-taxable","24":"purchasable","25":"product-type-simple"},"acf":[],"yoast_head":"<!-- This site is optimized with the Yoast SEO plugin v27.6 - https:\/\/yoast.com\/product\/yoast-seo-wordpress\/ -->\n<title>Silver coin \u201cWelcome to the World 2021\u201d - monetupasaulis.lt<\/title>\n<meta name=\"description\" content=\"Babies\u2019 little feet barely touch the ground during their first, priceless months. As they wiggle and curl in delight, they are carried and coddled\" \/>\n<meta name=\"robots\" content=\"index, follow, max-snippet:-1, max-image-preview:large, max-video-preview:-1\" \/>\n<link rel=\"canonical\" href=\"https:\/\/www.monetupasaulis.lt\/en\/product\/sidabrine-moneta-buk-pasveikintas-atejes-i-pasauli-2021-1587-g\/\" \/>\n<meta property=\"og:locale\" content=\"en_US\" \/>\n<meta property=\"og:type\" content=\"article\" \/>\n<meta property=\"og:title\" content=\"Silver coin \u201cWelcome to the World 2021\u201d - monetupasaulis.lt\" \/>\n<meta property=\"og:description\" content=\"Babies\u2019 little feet barely touch the ground during their first, priceless months. As they wiggle and curl in delight, they are carried and coddled\" \/>\n<meta property=\"og:url\" content=\"https:\/\/www.monetupasaulis.lt\/en\/product\/sidabrine-moneta-buk-pasveikintas-atejes-i-pasauli-2021-1587-g\/\" \/>\n<meta property=\"og:site_name\" content=\"monetupasaulis.lt\" \/>\n<meta property=\"article:modified_time\" content=\"2026-05-16T14:04:15+00:00\" \/>\n<meta property=\"og:image\" content=\"https:\/\/www.monetupasaulis.lt\/wp-content\/uploads\/2021\/02\/Pedutes_2021_1.jpg\" \/>\n\t<meta property=\"og:image:width\" content=\"600\" \/>\n\t<meta property=\"og:image:height\" content=\"600\" \/>\n\t<meta property=\"og:image:type\" content=\"image\/jpeg\" \/>\n<meta name=\"twitter:card\" content=\"summary_large_image\" \/>\n<meta name=\"twitter:label1\" content=\"Est. reading time\" \/>\n\t<meta name=\"twitter:data1\" content=\"1 minute\" \/>\n<script type=\"application\/ld+json\" class=\"yoast-schema-graph\">{\"@context\":\"https:\\\/\\\/schema.org\",\"@graph\":[{\"@type\":\"WebPage\",\"@id\":\"https:\\\/\\\/www.monetupasaulis.lt\\\/en\\\/product\\\/sidabrine-moneta-buk-pasveikintas-atejes-i-pasauli-2021-1587-g\\\/\",\"url\":\"https:\\\/\\\/www.monetupasaulis.lt\\\/en\\\/product\\\/sidabrine-moneta-buk-pasveikintas-atejes-i-pasauli-2021-1587-g\\\/\",\"name\":\"Silver coin \u201cWelcome to the World 2021\u201d - monetupasaulis.lt\",\"isPartOf\":{\"@id\":\"https:\\\/\\\/www.monetupasaulis.lt\\\/en\\\/#website\"},\"primaryImageOfPage\":{\"@id\":\"https:\\\/\\\/www.monetupasaulis.lt\\\/en\\\/product\\\/sidabrine-moneta-buk-pasveikintas-atejes-i-pasauli-2021-1587-g\\\/#primaryimage\"},\"image\":{\"@id\":\"https:\\\/\\\/www.monetupasaulis.lt\\\/en\\\/product\\\/sidabrine-moneta-buk-pasveikintas-atejes-i-pasauli-2021-1587-g\\\/#primaryimage\"},\"thumbnailUrl\":\"https:\\\/\\\/www.monetupasaulis.lt\\\/wp-content\\\/uploads\\\/2021\\\/02\\\/Pedutes_2021_1.jpg\",\"datePublished\":\"2021-02-21T20:10:16+00:00\",\"dateModified\":\"2026-05-16T14:04:15+00:00\",\"description\":\"Babies\u2019 little feet barely touch the ground during their first, priceless months. As they wiggle and curl in delight, they are carried and coddled\",\"breadcrumb\":{\"@id\":\"https:\\\/\\\/www.monetupasaulis.lt\\\/en\\\/product\\\/sidabrine-moneta-buk-pasveikintas-atejes-i-pasauli-2021-1587-g\\\/#breadcrumb\"},\"inLanguage\":\"en-US\",\"potentialAction\":[{\"@type\":\"ReadAction\",\"target\":[\"https:\\\/\\\/www.monetupasaulis.lt\\\/en\\\/product\\\/sidabrine-moneta-buk-pasveikintas-atejes-i-pasauli-2021-1587-g\\\/\"]}]},{\"@type\":\"ImageObject\",\"inLanguage\":\"en-US\",\"@id\":\"https:\\\/\\\/www.monetupasaulis.lt\\\/en\\\/product\\\/sidabrine-moneta-buk-pasveikintas-atejes-i-pasauli-2021-1587-g\\\/#primaryimage\",\"url\":\"https:\\\/\\\/www.monetupasaulis.lt\\\/wp-content\\\/uploads\\\/2021\\\/02\\\/Pedutes_2021_1.jpg\",\"contentUrl\":\"https:\\\/\\\/www.monetupasaulis.lt\\\/wp-content\\\/uploads\\\/2021\\\/02\\\/Pedutes_2021_1.jpg\",\"width\":600,\"height\":600},{\"@type\":\"BreadcrumbList\",\"@id\":\"https:\\\/\\\/www.monetupasaulis.lt\\\/en\\\/product\\\/sidabrine-moneta-buk-pasveikintas-atejes-i-pasauli-2021-1587-g\\\/#breadcrumb\",\"itemListElement\":[{\"@type\":\"ListItem\",\"position\":1,\"name\":\"GSP Investment\",\"item\":\"https:\\\/\\\/www.monetupasaulis.lt\\\/en\\\/\"},{\"@type\":\"ListItem\",\"position\":2,\"name\":\"Shop\",\"item\":\"https:\\\/\\\/www.monetupasaulis.lt\\\/en\\\/shop\\\/\"},{\"@type\":\"ListItem\",\"position\":3,\"name\":\"Silver coin \u201cWelcome to the World 2021\u201d\"}]},{\"@type\":\"WebSite\",\"@id\":\"https:\\\/\\\/www.monetupasaulis.lt\\\/en\\\/#website\",\"url\":\"https:\\\/\\\/www.monetupasaulis.lt\\\/en\\\/\",\"name\":\"monetupasaulis.lt\",\"description\":\"Monetu pasaulis\",\"potentialAction\":[{\"@type\":\"SearchAction\",\"target\":{\"@type\":\"EntryPoint\",\"urlTemplate\":\"https:\\\/\\\/www.monetupasaulis.lt\\\/en\\\/?s={search_term_string}\"},\"query-input\":{\"@type\":\"PropertyValueSpecification\",\"valueRequired\":true,\"valueName\":\"search_term_string\"}}],\"inLanguage\":\"en-US\"}]}<\/script>\n<!-- \/ Yoast SEO plugin. -->","yoast_head_json":{"title":"Silver coin \u201cWelcome to the World 2021\u201d - monetupasaulis.lt","description":"Babies\u2019 little feet barely touch the ground during their first, priceless months. As they wiggle and curl in delight, they are carried and coddled","robots":{"index":"index","follow":"follow","max-snippet":"max-snippet:-1","max-image-preview":"max-image-preview:large","max-video-preview":"max-video-preview:-1"},"canonical":"https:\/\/www.monetupasaulis.lt\/en\/product\/sidabrine-moneta-buk-pasveikintas-atejes-i-pasauli-2021-1587-g\/","og_locale":"en_US","og_type":"article","og_title":"Silver coin \u201cWelcome to the World 2021\u201d - monetupasaulis.lt","og_description":"Babies\u2019 little feet barely touch the ground during their first, priceless months. As they wiggle and curl in delight, they are carried and coddled","og_url":"https:\/\/www.monetupasaulis.lt\/en\/product\/sidabrine-moneta-buk-pasveikintas-atejes-i-pasauli-2021-1587-g\/","og_site_name":"monetupasaulis.lt","article_modified_time":"2026-05-16T14:04:15+00:00","og_image":[{"width":600,"height":600,"url":"https:\/\/www.monetupasaulis.lt\/wp-content\/uploads\/2021\/02\/Pedutes_2021_1.jpg","type":"image\/jpeg"}],"twitter_card":"summary_large_image","twitter_misc":{"Est. reading time":"1 minute"},"schema":{"@context":"https:\/\/schema.org","@graph":[{"@type":"WebPage","@id":"https:\/\/www.monetupasaulis.lt\/en\/product\/sidabrine-moneta-buk-pasveikintas-atejes-i-pasauli-2021-1587-g\/","url":"https:\/\/www.monetupasaulis.lt\/en\/product\/sidabrine-moneta-buk-pasveikintas-atejes-i-pasauli-2021-1587-g\/","name":"Silver coin \u201cWelcome to the World 2021\u201d - monetupasaulis.lt","isPartOf":{"@id":"https:\/\/www.monetupasaulis.lt\/en\/#website"},"primaryImageOfPage":{"@id":"https:\/\/www.monetupasaulis.lt\/en\/product\/sidabrine-moneta-buk-pasveikintas-atejes-i-pasauli-2021-1587-g\/#primaryimage"},"image":{"@id":"https:\/\/www.monetupasaulis.lt\/en\/product\/sidabrine-moneta-buk-pasveikintas-atejes-i-pasauli-2021-1587-g\/#primaryimage"},"thumbnailUrl":"https:\/\/www.monetupasaulis.lt\/wp-content\/uploads\/2021\/02\/Pedutes_2021_1.jpg","datePublished":"2021-02-21T20:10:16+00:00","dateModified":"2026-05-16T14:04:15+00:00","description":"Babies\u2019 little feet barely touch the ground during their first, priceless months. As they wiggle and curl in delight, they are carried and coddled","breadcrumb":{"@id":"https:\/\/www.monetupasaulis.lt\/en\/product\/sidabrine-moneta-buk-pasveikintas-atejes-i-pasauli-2021-1587-g\/#breadcrumb"},"inLanguage":"en-US","potentialAction":[{"@type":"ReadAction","target":["https:\/\/www.monetupasaulis.lt\/en\/product\/sidabrine-moneta-buk-pasveikintas-atejes-i-pasauli-2021-1587-g\/"]}]},{"@type":"ImageObject","inLanguage":"en-US","@id":"https:\/\/www.monetupasaulis.lt\/en\/product\/sidabrine-moneta-buk-pasveikintas-atejes-i-pasauli-2021-1587-g\/#primaryimage","url":"https:\/\/www.monetupasaulis.lt\/wp-content\/uploads\/2021\/02\/Pedutes_2021_1.jpg","contentUrl":"https:\/\/www.monetupasaulis.lt\/wp-content\/uploads\/2021\/02\/Pedutes_2021_1.jpg","width":600,"height":600},{"@type":"BreadcrumbList","@id":"https:\/\/www.monetupasaulis.lt\/en\/product\/sidabrine-moneta-buk-pasveikintas-atejes-i-pasauli-2021-1587-g\/#breadcrumb","itemListElement":[{"@type":"ListItem","position":1,"name":"GSP Investment","item":"https:\/\/www.monetupasaulis.lt\/en\/"},{"@type":"ListItem","position":2,"name":"Shop","item":"https:\/\/www.monetupasaulis.lt\/en\/shop\/"},{"@type":"ListItem","position":3,"name":"Silver coin \u201cWelcome to the World 2021\u201d"}]},{"@type":"WebSite","@id":"https:\/\/www.monetupasaulis.lt\/en\/#website","url":"https:\/\/www.monetupasaulis.lt\/en\/","name":"monetupasaulis.lt","description":"Monetu pasaulis","potentialAction":[{"@type":"SearchAction","target":{"@type":"EntryPoint","urlTemplate":"https:\/\/www.monetupasaulis.lt\/en\/?s={search_term_string}"},"query-input":{"@type":"PropertyValueSpecification","valueRequired":true,"valueName":"search_term_string"}}],"inLanguage":"en-US"}]}},"_links":{"self":[{"href":"https:\/\/www.monetupasaulis.lt\/en\/wp-json\/wp\/v2\/product\/10712","targetHints":{"allow":["GET"]}}],"collection":[{"href":"https:\/\/www.monetupasaulis.lt\/en\/wp-json\/wp\/v2\/product"}],"about":[{"href":"https:\/\/www.monetupasaulis.lt\/en\/wp-json\/wp\/v2\/types\/product"}],"wp:featuredmedia":[{"embeddable":true,"href":"https:\/\/www.monetupasaulis.lt\/en\/wp-json\/wp\/v2\/media\/948"}],"wp:attachment":[{"href":"https:\/\/www.monetupasaulis.lt\/en\/wp-json\/wp\/v2\/media?parent=10712"}],"wp:term":[{"taxonomy":"product_brand","embeddable":true,"href":"https:\/\/www.monetupasaulis.lt\/en\/wp-json\/wp\/v2\/product_brand?post=10712"},{"taxonomy":"product_cat","embeddable":true,"href":"https:\/\/www.monetupasaulis.lt\/en\/wp-json\/wp\/v2\/product_cat?post=10712"},{"taxonomy":"product_tag","embeddable":true,"href":"https:\/\/www.monetupasaulis.lt\/en\/wp-json\/wp\/v2\/product_tag?post=10712"}],"curies":[{"name":"wp","href":"https:\/\/api.w.org\/{rel}","templated":true}]}}