{"id":11691,"date":"2024-09-23T11:21:51","date_gmt":"2024-09-23T08:21:51","guid":{"rendered":"https:\/\/www.monetupasaulis.lt\/?post_type=product&#038;p=11691"},"modified":"2026-04-19T10:15:32","modified_gmt":"2026-04-19T07:15:32","slug":"silver-coin-sun-2-oz","status":"publish","type":"product","link":"https:\/\/www.monetupasaulis.lt\/en\/product\/silver-coin-sun-2-oz\/","title":{"rendered":"Silver coin &#8220;Sun&#8221; 2 oz"},"content":{"rendered":"<p><span data-contrast=\"auto\">In various ancient philosophies, which have existed for thousands of years, the sign of the Sun (or fire) marks the beginning of everything and occupies the most revered place in the metaphysical system. The Sun has been worshipped by many nations as the source of light, dynamic energy and life in general. Without the Sun, there would be nothing \u2013 it is a metaphor for the transformative power of everything.<\/span><span data-ccp-props=\"{&quot;201341983&quot;:0,&quot;335551550&quot;:6,&quot;335551620&quot;:6,&quot;335559740&quot;:360}\">\u00a0<\/span><\/p>\n<p><span data-ccp-props=\"{&quot;201341983&quot;:0,&quot;335551550&quot;:6,&quot;335551620&quot;:6,&quot;335559740&quot;:360}\">\u00a0<\/span><span data-contrast=\"auto\">Despite the leitmotif of the beginning of life, the symbols of the Sun (fire) are attributed to the masculine element in ethnocosmology. The personification takes a feminine form in Ms Urbanavi\u010di\u016bt\u0117\u2019s series of paintings, \u2018Women\u2019, inspired by feminist ideas. Here, the deep-eyed \u2018Sun\u2019 is full of mystery and youthful exuberance: soft tongues of flame flutter in her palms, while her flowing hair is adorned with blossoming flowers and several Sun crosses \u2013 an ancient pagan symbol.<\/span><span data-ccp-props=\"{&quot;201341983&quot;:0,&quot;335551550&quot;:6,&quot;335551620&quot;:6,&quot;335559740&quot;:360}\">\u00a0<\/span><\/p>\n<p><span data-ccp-props=\"{&quot;201341983&quot;:0,&quot;335551550&quot;:6,&quot;335551620&quot;:6,&quot;335559740&quot;:360}\">\u00a0<\/span><span data-contrast=\"auto\">\u2018In these portraits, I convey the inner emotions of the character, the invisible colours in the landscapes, and I wrap the characters in the colours, textures, shapes of the play of light and shadow, and the elements of nature that I have seen, giving them a sense of mysticism and symbolism,\u2019 says the artist.<\/span><span data-ccp-props=\"{&quot;201341983&quot;:0,&quot;335551550&quot;:6,&quot;335551620&quot;:6,&quot;335559740&quot;:360}\">\u00a0<\/span><\/p>\n<p><span data-ccp-props=\"{&quot;201341983&quot;:0,&quot;335551550&quot;:6,&quot;335551620&quot;:6,&quot;335559740&quot;:360}\">\u00a0<\/span><span data-contrast=\"auto\">The surface of the \u2018Sun\u2019 collectible silver coin is aged and the reverse features a stunning UV print. On the obverse, there is a pentagram with the five primary elements found in pagan philosophies: it\u2019s air\u00a0<\/span><b><span data-contrast=\"auto\">\ud83d\udf01<\/span><\/b><span data-contrast=\"auto\">, earth\u00a0<\/span><b><span data-contrast=\"auto\">\ud83d\udf03<\/span><\/b><span data-contrast=\"auto\">, fire\u00a0<\/span><b><span data-contrast=\"auto\">\ud83d\udf02<\/span><\/b><span data-contrast=\"auto\">, water\u00a0<\/span><b><span data-contrast=\"auto\">\ud83d\udf04<\/span><\/b><span data-contrast=\"auto\">\u00a0and the all-embracing, life-giving Sun\u00a0<\/span><b><span data-contrast=\"auto\">\u2295<\/span><\/b><span data-contrast=\"auto\">. The centre displays the public seal of Niue. Two\u00a0<\/span><i><span data-contrast=\"auto\">katoua<\/span><\/i><span data-contrast=\"auto\">\u00a0cleaving clubs \u2013 the symbol of Niue \u2013 are crossed below, and the island\u2019s motto, \u2018<\/span><i><span data-contrast=\"auto\">atua Niue tukulagi<\/span><\/i><span data-contrast=\"auto\">\u2019, is written above them.<\/span><span data-ccp-props=\"{&quot;201341983&quot;:0,&quot;335551550&quot;:6,&quot;335551620&quot;:6,&quot;335559740&quot;:360}\">\u00a0<\/span><\/p>\n","protected":false},"excerpt":{"rendered":"<ul style=\"list-style-type: square;\">\n<li>Metal: silver Ag 999<\/li>\n<li>Weight: 62,20\u00a0 g (2oz)<\/li>\n<li>Diameter: 50 mm<\/li>\n<li>Vace value: 5 Dollars<\/li>\n<li>Country: Niue<\/li>\n<li>Date of issue: 2023<\/li>\n<li>Mintage: 500 pcs<\/li>\n<li>Technologies: Digital printing, High relief<\/li>\n<li>Quality: antique finish<\/li>\n<li>Package: capsule, presentation box<\/li>\n<li>Design by: Eurika Urbanavi\u010di\u016bt\u0117<\/li>\n<li>Minted at: Lithuanian Mint<\/li>\n<\/ul>\n<p>&nbsp;<\/p>\n<p>&nbsp;<\/p>\n","protected":false},"featured_media":11697,"template":"","meta":{"_acf_changed":false},"product_brand":[],"product_cat":[539,273,274,269,272,321,340,315,267,268],"product_tag":[],"class_list":{"0":"post-11691","1":"product","2":"type-product","3":"status-publish","4":"has-post-thumbnail","6":"product_cat-2-oz-monetos-en","7":"product_cat-gimtadieniai-en","8":"product_cat-pagal-valstybe-en","9":"product_cat-by-theme","10":"product_cat-dovanu-idejos-en","11":"product_cat-lithuania","12":"product_cat-nature","13":"product_cat-niue","14":"product_cat-silver","15":"product_cat-silver-coins","16":"product_shipping_class-nemokamo-pristatymo-klase-en","18":"first","19":"outofstock","20":"taxable","21":"shipping-taxable","22":"purchasable","23":"product-type-simple"},"acf":[],"yoast_head":"<!-- This site is optimized with the Yoast SEO plugin v27.4 - https:\/\/yoast.com\/product\/yoast-seo-wordpress\/ -->\n<title>Silver coin &quot;Sun&quot; 2 oz - monetupasaulis.lt<\/title>\n<meta name=\"description\" content=\"The surface of the \u2018Sun\u2019 collectible silver coin is aged and the reverse features a stunning UV print. On the obverse, there is a pentagram\" \/>\n<meta name=\"robots\" content=\"index, follow, max-snippet:-1, max-image-preview:large, max-video-preview:-1\" \/>\n<link rel=\"canonical\" href=\"https:\/\/www.monetupasaulis.lt\/en\/product\/silver-coin-sun-2-oz\/\" \/>\n<meta property=\"og:locale\" content=\"en_US\" \/>\n<meta property=\"og:type\" content=\"article\" \/>\n<meta property=\"og:title\" content=\"Silver coin &quot;Sun&quot; 2 oz - monetupasaulis.lt\" \/>\n<meta property=\"og:description\" content=\"The surface of the \u2018Sun\u2019 collectible silver coin is aged and the reverse features a stunning UV print. On the obverse, there is a pentagram\" \/>\n<meta property=\"og:url\" content=\"https:\/\/www.monetupasaulis.lt\/en\/product\/silver-coin-sun-2-oz\/\" \/>\n<meta property=\"og:site_name\" content=\"monetupasaulis.lt\" \/>\n<meta property=\"article:modified_time\" content=\"2026-04-19T07:15:32+00:00\" \/>\n<meta property=\"og:image\" content=\"https:\/\/www.monetupasaulis.lt\/wp-content\/uploads\/2024\/09\/Sun-reverse.jpg\" \/>\n\t<meta property=\"og:image:width\" content=\"1500\" \/>\n\t<meta property=\"og:image:height\" content=\"1500\" \/>\n\t<meta property=\"og:image:type\" content=\"image\/jpeg\" \/>\n<meta name=\"twitter:card\" content=\"summary_large_image\" \/>\n<meta name=\"twitter:label1\" content=\"Est. reading time\" \/>\n\t<meta name=\"twitter:data1\" content=\"2 minutes\" \/>\n<script type=\"application\/ld+json\" class=\"yoast-schema-graph\">{\"@context\":\"https:\\\/\\\/schema.org\",\"@graph\":[{\"@type\":\"WebPage\",\"@id\":\"https:\\\/\\\/www.monetupasaulis.lt\\\/en\\\/product\\\/silver-coin-sun-2-oz\\\/\",\"url\":\"https:\\\/\\\/www.monetupasaulis.lt\\\/en\\\/product\\\/silver-coin-sun-2-oz\\\/\",\"name\":\"Silver coin \\\"Sun\\\" 2 oz - monetupasaulis.lt\",\"isPartOf\":{\"@id\":\"https:\\\/\\\/www.monetupasaulis.lt\\\/en\\\/#website\"},\"primaryImageOfPage\":{\"@id\":\"https:\\\/\\\/www.monetupasaulis.lt\\\/en\\\/product\\\/silver-coin-sun-2-oz\\\/#primaryimage\"},\"image\":{\"@id\":\"https:\\\/\\\/www.monetupasaulis.lt\\\/en\\\/product\\\/silver-coin-sun-2-oz\\\/#primaryimage\"},\"thumbnailUrl\":\"https:\\\/\\\/www.monetupasaulis.lt\\\/wp-content\\\/uploads\\\/2024\\\/09\\\/Sun-reverse.jpg\",\"datePublished\":\"2024-09-23T08:21:51+00:00\",\"dateModified\":\"2026-04-19T07:15:32+00:00\",\"description\":\"The surface of the \u2018Sun\u2019 collectible silver coin is aged and the reverse features a stunning UV print. On the obverse, there is a pentagram\",\"breadcrumb\":{\"@id\":\"https:\\\/\\\/www.monetupasaulis.lt\\\/en\\\/product\\\/silver-coin-sun-2-oz\\\/#breadcrumb\"},\"inLanguage\":\"en-US\",\"potentialAction\":[{\"@type\":\"ReadAction\",\"target\":[\"https:\\\/\\\/www.monetupasaulis.lt\\\/en\\\/product\\\/silver-coin-sun-2-oz\\\/\"]}]},{\"@type\":\"ImageObject\",\"inLanguage\":\"en-US\",\"@id\":\"https:\\\/\\\/www.monetupasaulis.lt\\\/en\\\/product\\\/silver-coin-sun-2-oz\\\/#primaryimage\",\"url\":\"https:\\\/\\\/www.monetupasaulis.lt\\\/wp-content\\\/uploads\\\/2024\\\/09\\\/Sun-reverse.jpg\",\"contentUrl\":\"https:\\\/\\\/www.monetupasaulis.lt\\\/wp-content\\\/uploads\\\/2024\\\/09\\\/Sun-reverse.jpg\",\"width\":1500,\"height\":1500},{\"@type\":\"BreadcrumbList\",\"@id\":\"https:\\\/\\\/www.monetupasaulis.lt\\\/en\\\/product\\\/silver-coin-sun-2-oz\\\/#breadcrumb\",\"itemListElement\":[{\"@type\":\"ListItem\",\"position\":1,\"name\":\"GSP Investment\",\"item\":\"https:\\\/\\\/www.monetupasaulis.lt\\\/en\\\/\"},{\"@type\":\"ListItem\",\"position\":2,\"name\":\"Shop\",\"item\":\"https:\\\/\\\/www.monetupasaulis.lt\\\/en\\\/shop\\\/\"},{\"@type\":\"ListItem\",\"position\":3,\"name\":\"Silver coin &#8220;Sun&#8221; 2 oz\"}]},{\"@type\":\"WebSite\",\"@id\":\"https:\\\/\\\/www.monetupasaulis.lt\\\/en\\\/#website\",\"url\":\"https:\\\/\\\/www.monetupasaulis.lt\\\/en\\\/\",\"name\":\"monetupasaulis.lt\",\"description\":\"Monetu pasaulis\",\"potentialAction\":[{\"@type\":\"SearchAction\",\"target\":{\"@type\":\"EntryPoint\",\"urlTemplate\":\"https:\\\/\\\/www.monetupasaulis.lt\\\/en\\\/?s={search_term_string}\"},\"query-input\":{\"@type\":\"PropertyValueSpecification\",\"valueRequired\":true,\"valueName\":\"search_term_string\"}}],\"inLanguage\":\"en-US\"}]}<\/script>\n<!-- \/ Yoast SEO plugin. -->","yoast_head_json":{"title":"Silver coin \"Sun\" 2 oz - monetupasaulis.lt","description":"The surface of the \u2018Sun\u2019 collectible silver coin is aged and the reverse features a stunning UV print. On the obverse, there is a pentagram","robots":{"index":"index","follow":"follow","max-snippet":"max-snippet:-1","max-image-preview":"max-image-preview:large","max-video-preview":"max-video-preview:-1"},"canonical":"https:\/\/www.monetupasaulis.lt\/en\/product\/silver-coin-sun-2-oz\/","og_locale":"en_US","og_type":"article","og_title":"Silver coin \"Sun\" 2 oz - monetupasaulis.lt","og_description":"The surface of the \u2018Sun\u2019 collectible silver coin is aged and the reverse features a stunning UV print. On the obverse, there is a pentagram","og_url":"https:\/\/www.monetupasaulis.lt\/en\/product\/silver-coin-sun-2-oz\/","og_site_name":"monetupasaulis.lt","article_modified_time":"2026-04-19T07:15:32+00:00","og_image":[{"width":1500,"height":1500,"url":"https:\/\/www.monetupasaulis.lt\/wp-content\/uploads\/2024\/09\/Sun-reverse.jpg","type":"image\/jpeg"}],"twitter_card":"summary_large_image","twitter_misc":{"Est. reading time":"2 minutes"},"schema":{"@context":"https:\/\/schema.org","@graph":[{"@type":"WebPage","@id":"https:\/\/www.monetupasaulis.lt\/en\/product\/silver-coin-sun-2-oz\/","url":"https:\/\/www.monetupasaulis.lt\/en\/product\/silver-coin-sun-2-oz\/","name":"Silver coin \"Sun\" 2 oz - monetupasaulis.lt","isPartOf":{"@id":"https:\/\/www.monetupasaulis.lt\/en\/#website"},"primaryImageOfPage":{"@id":"https:\/\/www.monetupasaulis.lt\/en\/product\/silver-coin-sun-2-oz\/#primaryimage"},"image":{"@id":"https:\/\/www.monetupasaulis.lt\/en\/product\/silver-coin-sun-2-oz\/#primaryimage"},"thumbnailUrl":"https:\/\/www.monetupasaulis.lt\/wp-content\/uploads\/2024\/09\/Sun-reverse.jpg","datePublished":"2024-09-23T08:21:51+00:00","dateModified":"2026-04-19T07:15:32+00:00","description":"The surface of the \u2018Sun\u2019 collectible silver coin is aged and the reverse features a stunning UV print. On the obverse, there is a pentagram","breadcrumb":{"@id":"https:\/\/www.monetupasaulis.lt\/en\/product\/silver-coin-sun-2-oz\/#breadcrumb"},"inLanguage":"en-US","potentialAction":[{"@type":"ReadAction","target":["https:\/\/www.monetupasaulis.lt\/en\/product\/silver-coin-sun-2-oz\/"]}]},{"@type":"ImageObject","inLanguage":"en-US","@id":"https:\/\/www.monetupasaulis.lt\/en\/product\/silver-coin-sun-2-oz\/#primaryimage","url":"https:\/\/www.monetupasaulis.lt\/wp-content\/uploads\/2024\/09\/Sun-reverse.jpg","contentUrl":"https:\/\/www.monetupasaulis.lt\/wp-content\/uploads\/2024\/09\/Sun-reverse.jpg","width":1500,"height":1500},{"@type":"BreadcrumbList","@id":"https:\/\/www.monetupasaulis.lt\/en\/product\/silver-coin-sun-2-oz\/#breadcrumb","itemListElement":[{"@type":"ListItem","position":1,"name":"GSP Investment","item":"https:\/\/www.monetupasaulis.lt\/en\/"},{"@type":"ListItem","position":2,"name":"Shop","item":"https:\/\/www.monetupasaulis.lt\/en\/shop\/"},{"@type":"ListItem","position":3,"name":"Silver coin &#8220;Sun&#8221; 2 oz"}]},{"@type":"WebSite","@id":"https:\/\/www.monetupasaulis.lt\/en\/#website","url":"https:\/\/www.monetupasaulis.lt\/en\/","name":"monetupasaulis.lt","description":"Monetu pasaulis","potentialAction":[{"@type":"SearchAction","target":{"@type":"EntryPoint","urlTemplate":"https:\/\/www.monetupasaulis.lt\/en\/?s={search_term_string}"},"query-input":{"@type":"PropertyValueSpecification","valueRequired":true,"valueName":"search_term_string"}}],"inLanguage":"en-US"}]}},"_links":{"self":[{"href":"https:\/\/www.monetupasaulis.lt\/en\/wp-json\/wp\/v2\/product\/11691","targetHints":{"allow":["GET"]}}],"collection":[{"href":"https:\/\/www.monetupasaulis.lt\/en\/wp-json\/wp\/v2\/product"}],"about":[{"href":"https:\/\/www.monetupasaulis.lt\/en\/wp-json\/wp\/v2\/types\/product"}],"wp:featuredmedia":[{"embeddable":true,"href":"https:\/\/www.monetupasaulis.lt\/en\/wp-json\/wp\/v2\/media\/11697"}],"wp:attachment":[{"href":"https:\/\/www.monetupasaulis.lt\/en\/wp-json\/wp\/v2\/media?parent=11691"}],"wp:term":[{"taxonomy":"product_brand","embeddable":true,"href":"https:\/\/www.monetupasaulis.lt\/en\/wp-json\/wp\/v2\/product_brand?post=11691"},{"taxonomy":"product_cat","embeddable":true,"href":"https:\/\/www.monetupasaulis.lt\/en\/wp-json\/wp\/v2\/product_cat?post=11691"},{"taxonomy":"product_tag","embeddable":true,"href":"https:\/\/www.monetupasaulis.lt\/en\/wp-json\/wp\/v2\/product_tag?post=11691"}],"curies":[{"name":"wp","href":"https:\/\/api.w.org\/{rel}","templated":true}]}}